{"id":1388,"date":"2022-11-27T09:45:03","date_gmt":"2022-11-27T09:45:03","guid":{"rendered":"https:\/\/code.efi.ohmportal.de\/blog\/?p=1388"},"modified":"2022-11-27T09:45:05","modified_gmt":"2022-11-27T09:45:05","slug":"astroboy-eine-legende-erblickt-das-licht","status":"publish","type":"page","link":"https:\/\/code.efi.ohmportal.de\/blog\/astroboy-eine-legende-erblickt-das-licht\/","title":{"rendered":"Astroboy &#8211; eine Legende erblickt das Licht"},"content":{"rendered":"\n<p><\/p>\n\n\n\n<p>Ist es ein Vogel? Ist es ein Flugzeug? Nein &#8211; es ist Astroboy! Am 26. November 2022 erschafft ein deutsches Forschungsteam einen auf den ersten Blick vielleicht niedlichen, jedoch \u00e4u\u00dferst gef\u00e4hrlichen Kampfroboter. Die Vorgehensweise war f\u00fcr die 4 Forscher eine v\u00f6llig neue &#8211; sie benutzten n\u00e4mlich eine Technologie namens &#8222;Scrum&#8220;, um den Code f\u00fcr die Killer-Maschine zu entwickeln. Der folgende Blog beschreibt die drei Phasen der Entwicklung.<\/p>\n\n\n\n<h3 class=\"wp-block-heading\">Phase 1: Entdeckung der Alien-Technolgie &#8222;Scrum&#8220;<\/h3>\n\n\n\n<p id=\"block-63dac938-6b1d-4809-bf75-f27edffd7932\">Zuerst machten sich die Forscher mit der neuen Entwicklungsumgebung vertraut &#8211; doch das war nur eine der vielen H\u00fcrden, die das Team zu meistern hatte. Parallel dazu arbeitete der ber\u00fcchtigte Designer &#8222;Michal Malawski&#8220; an einem Logo und Slogan f\u00fcr die Organisation, um Investoren anzulocken, die in die revolution\u00e4re Technologie investieren wollen.<br><br>Obwohl es noch einige Bugs zu fixen gibt, birgt Astroboy jetzt schon enormes Potential, sowohl auf dem Schlachtfeld &#8211; als auch im Herzen der Menschen.<\/p>\n\n\n\n<figure class=\"wp-block-image size-large\"><a href=\"https:\/\/code.efi.ohmportal.de\/blog\/wp-content\/uploads\/2022\/11\/IMG_7116-scaled.jpg\"><img loading=\"lazy\" decoding=\"async\" width=\"768\" height=\"1024\" src=\"https:\/\/code.efi.ohmportal.de\/blog\/wp-content\/uploads\/2022\/11\/IMG_7116-768x1024.jpg\" alt=\"\" class=\"wp-image-1442\" srcset=\"https:\/\/code.efi.ohmportal.de\/blog\/wp-content\/uploads\/2022\/11\/IMG_7116-768x1024.jpg 768w, https:\/\/code.efi.ohmportal.de\/blog\/wp-content\/uploads\/2022\/11\/IMG_7116-225x300.jpg 225w, https:\/\/code.efi.ohmportal.de\/blog\/wp-content\/uploads\/2022\/11\/IMG_7116-1152x1536.jpg 1152w, https:\/\/code.efi.ohmportal.de\/blog\/wp-content\/uploads\/2022\/11\/IMG_7116-1536x2048.jpg 1536w, https:\/\/code.efi.ohmportal.de\/blog\/wp-content\/uploads\/2022\/11\/IMG_7116-scaled.jpg 1920w\" sizes=\"auto, (max-width: 768px) 100vw, 768px\" \/><\/a><figcaption class=\"wp-element-caption\">Entdeckung der Alien-Technologie &#8222;Scrum&#8220; &#8211; 2022 [colorized]<\/figcaption><\/figure>\n\n\n\n<h2 class=\"wp-block-heading\">Phase 2: Krise<\/h2>\n\n\n\n<p>Obwohl die neu entdeckte Alien-Technologie viele neue M\u00f6glichkeiten mit sich bringt, ist es selbstverst\u00e4ndlich eine \u00e4u\u00dferst knifflige Situation alle komplexen Prozesse von &#8222;Scrum&#8220; nachzuvollziehen. Das Team hat deshalb bei der Entwicklung fortgeschrittener Programmcodes einige Schwierigkeiten. Das Hauptproblem besteht darin, die Software des Abschusssystems 2.0 auf die Gefahren des Weltalls abzustimmen und auch das Kurven-Fliegen ist verbesserungsw\u00fcrdig.<\/p>\n\n\n\n<figure class=\"wp-block-image size-large\"><a href=\"https:\/\/code.efi.ohmportal.de\/blog\/wp-content\/uploads\/2022\/11\/IMG_7117-scaled.jpg\"><img loading=\"lazy\" decoding=\"async\" width=\"768\" height=\"1024\" src=\"https:\/\/code.efi.ohmportal.de\/blog\/wp-content\/uploads\/2022\/11\/IMG_7117-768x1024.jpg\" alt=\"\" class=\"wp-image-1503\" srcset=\"https:\/\/code.efi.ohmportal.de\/blog\/wp-content\/uploads\/2022\/11\/IMG_7117-768x1024.jpg 768w, https:\/\/code.efi.ohmportal.de\/blog\/wp-content\/uploads\/2022\/11\/IMG_7117-225x300.jpg 225w, https:\/\/code.efi.ohmportal.de\/blog\/wp-content\/uploads\/2022\/11\/IMG_7117-1152x1536.jpg 1152w, https:\/\/code.efi.ohmportal.de\/blog\/wp-content\/uploads\/2022\/11\/IMG_7117-1536x2048.jpg 1536w, https:\/\/code.efi.ohmportal.de\/blog\/wp-content\/uploads\/2022\/11\/IMG_7117-scaled.jpg 1920w\" sizes=\"auto, (max-width: 768px) 100vw, 768px\" \/><\/a><figcaption class=\"wp-element-caption\">Das Forschungsteam erleidet eine Mid-Life Crisis<\/figcaption><\/figure>\n\n\n\n<p>Auf der Designseite hingegen wurden gro\u00dfe Fortschritte erzielt: Malawski gelang es Investoren mit seinem schlichten, trotzdem atemberaubenden Design zu \u00fcberzeugen. Laut Insider-Quellen meldete sich nach den ersten Leaks bereits Apple bei ihm, Malawski lehnte dankend ab.<\/p>\n\n\n\n<figure class=\"wp-block-image size-large is-resized\"><a href=\"https:\/\/code.efi.ohmportal.de\/blog\/wp-content\/uploads\/2022\/11\/IMG_0705.png\"><img loading=\"lazy\" decoding=\"async\" src=\"https:\/\/code.efi.ohmportal.de\/blog\/wp-content\/uploads\/2022\/11\/IMG_0705-1024x1024.png\" alt=\"\" class=\"wp-image-1499\" width=\"458\" height=\"458\" srcset=\"https:\/\/code.efi.ohmportal.de\/blog\/wp-content\/uploads\/2022\/11\/IMG_0705-1024x1024.png 1024w, https:\/\/code.efi.ohmportal.de\/blog\/wp-content\/uploads\/2022\/11\/IMG_0705-300x300.png 300w, https:\/\/code.efi.ohmportal.de\/blog\/wp-content\/uploads\/2022\/11\/IMG_0705-150x150.png 150w, https:\/\/code.efi.ohmportal.de\/blog\/wp-content\/uploads\/2022\/11\/IMG_0705-768x768.png 768w, https:\/\/code.efi.ohmportal.de\/blog\/wp-content\/uploads\/2022\/11\/IMG_0705-1536x1536.png 1536w, https:\/\/code.efi.ohmportal.de\/blog\/wp-content\/uploads\/2022\/11\/IMG_0705.png 2048w\" sizes=\"auto, (max-width: 458px) 100vw, 458px\" \/><\/a><figcaption class=\"wp-element-caption\">Leaks zum 1. Prototypen von &#8222;AstroboyV1&#8220; &#8211; Quelle unbekannt<\/figcaption><\/figure>\n\n\n\n<h2 class=\"wp-block-heading\">Phase 3: Hoffnung?<\/h2>\n\n\n\n<p>Trotz der kr\u00e4ftezehrenden Technologie und den nervenaufreibenden Stunden, schl\u00e4gt sich das Entwicklerteam tapfer und k\u00e4mpft sich weiter durch die undurchsichtige Alien-Entdeckung. <\/p>\n\n\n\n<p>Fortschritte beim neuen Raketenabwehrsystem erm\u00f6glichen einen treffsicheren Beschuss und bereiten Astroboy&#8217;s Gegnern Kopfschmerzen. Wann der erste fehlerfreie Prototyp auf den Markt kommt ist noch ungewiss, zum jetzigen Zeitpunkt jedoch ist Astroboy auf jeden Fall eines: Eine unberechenbare Killermaschine, die zu jeder Zeit in die Luft fliegen k\u00f6nnte.<\/p>\n\n\n\n<p>Design-Genie Michal Malawski hat sich mit dem charmanten, gutaussehenden Autor, der diesen Blog gerade verfasst, zusammengesetzt und ein verbl\u00fcffendes Plakat erschaffen. Seit Ver\u00f6ffentlichung k\u00f6nnen die beiden kein konventionelles Leben mehr f\u00fchren. <\/p>\n\n\n\n<figure class=\"wp-block-image size-large\"><a href=\"https:\/\/code.efi.ohmportal.de\/blog\/wp-content\/uploads\/2022\/11\/ONE-3.png\"><img loading=\"lazy\" decoding=\"async\" width=\"724\" height=\"1024\" src=\"https:\/\/code.efi.ohmportal.de\/blog\/wp-content\/uploads\/2022\/11\/ONE-3-724x1024.png\" alt=\"\" class=\"wp-image-1560\" srcset=\"https:\/\/code.efi.ohmportal.de\/blog\/wp-content\/uploads\/2022\/11\/ONE-3-724x1024.png 724w, https:\/\/code.efi.ohmportal.de\/blog\/wp-content\/uploads\/2022\/11\/ONE-3-212x300.png 212w, https:\/\/code.efi.ohmportal.de\/blog\/wp-content\/uploads\/2022\/11\/ONE-3-768x1086.png 768w, https:\/\/code.efi.ohmportal.de\/blog\/wp-content\/uploads\/2022\/11\/ONE-3.png 842w\" sizes=\"auto, (max-width: 724px) 100vw, 724px\" \/><\/a><figcaption class=\"wp-element-caption\">1. Offizielles Plakat zu &#8222;Astroboy&#8220;<\/figcaption><\/figure>\n\n\n\n<h2 class=\"wp-block-heading\">Fazit<\/h2>\n\n\n\n<p>Genauere Angaben zu Astroboy zu finden ist schwieriger als gedacht, da durch die vielen geopolitischen Interessen verschiedener L\u00e4nder derzeit alle Informationen unter Verschluss gehalten werden. Sollte diese Technologie in die falschen H\u00e4nde geraten, k\u00f6nnte dies fatale Folgen haben. Fakt ist: &#8222;Astroboy&#8220; mag zwar niedlich aussehen &#8211; doch solltest du ihn untersch\u00e4tzen, wirst du es bitter bereuen.<\/p>\n","protected":false},"excerpt":{"rendered":"<p>Ist es ein Vogel? Ist es ein Flugzeug? Nein &#8211; es ist Astroboy! Am 26. November 2022 erschafft ein deutsches Forschungsteam einen auf den ersten Blick vielleicht niedlichen, jedoch \u00e4u\u00dferst gef\u00e4hrlichen Kampfroboter. Die Vorgehensweise war f\u00fcr die 4 Forscher eine v\u00f6llig neue &#8211; sie benutzten n\u00e4mlich eine Technologie namens &#8222;Scrum&#8220;, um den Code f\u00fcr die &hellip; <a href=\"https:\/\/code.efi.ohmportal.de\/blog\/astroboy-eine-legende-erblickt-das-licht\/\" class=\"more-link\"><span class=\"screen-reader-text\">Astroboy &#8211; eine Legende erblickt das Licht<\/span> weiterlesen<\/a><\/p>\n","protected":false},"author":1,"featured_media":1566,"parent":0,"menu_order":0,"comment_status":"open","ping_status":"open","template":"","meta":{"jetpack_post_was_ever_published":false,"footnotes":""},"class_list":["post-1388","page","type-page","status-publish","has-post-thumbnail","hentry"],"yoast_head":"<!-- This site is optimized with the Yoast SEO plugin v27.0 - https:\/\/yoast.com\/product\/yoast-seo-wordpress\/ -->\n<title>Astroboy - eine Legende erblickt das Licht - Code Comments<\/title>\n<meta name=\"robots\" content=\"index, follow, max-snippet:-1, max-image-preview:large, max-video-preview:-1\" \/>\n<link rel=\"canonical\" href=\"https:\/\/code.efi.ohmportal.de\/blog\/astroboy-eine-legende-erblickt-das-licht\/\" \/>\n<meta property=\"og:locale\" content=\"de_DE\" \/>\n<meta property=\"og:type\" content=\"article\" \/>\n<meta property=\"og:title\" content=\"Astroboy - eine Legende erblickt das Licht - Code Comments\" \/>\n<meta property=\"og:description\" content=\"Ist es ein Vogel? Ist es ein Flugzeug? Nein &#8211; es ist Astroboy! Am 26. November 2022 erschafft ein deutsches Forschungsteam einen auf den ersten Blick vielleicht niedlichen, jedoch \u00e4u\u00dferst gef\u00e4hrlichen Kampfroboter. Die Vorgehensweise war f\u00fcr die 4 Forscher eine v\u00f6llig neue &#8211; sie benutzten n\u00e4mlich eine Technologie namens &#8222;Scrum&#8220;, um den Code f\u00fcr die &hellip; Astroboy &#8211; eine Legende erblickt das Licht weiterlesen\" \/>\n<meta property=\"og:url\" content=\"https:\/\/code.efi.ohmportal.de\/blog\/astroboy-eine-legende-erblickt-das-licht\/\" \/>\n<meta property=\"og:site_name\" content=\"Code Comments\" \/>\n<meta property=\"article:modified_time\" content=\"2022-11-27T09:45:05+00:00\" \/>\n<meta property=\"og:image\" content=\"https:\/\/code.efi.ohmportal.de\/blog\/wp-content\/uploads\/2022\/11\/123.001.jpg\" \/>\n\t<meta property=\"og:image:width\" content=\"1920\" \/>\n\t<meta property=\"og:image:height\" content=\"791\" \/>\n\t<meta property=\"og:image:type\" content=\"image\/jpeg\" \/>\n<meta name=\"twitter:label1\" content=\"Gesch\u00e4tzte Lesezeit\" \/>\n\t<meta name=\"twitter:data1\" content=\"4\u00a0Minuten\" \/>\n<script type=\"application\/ld+json\" class=\"yoast-schema-graph\">{\"@context\":\"https:\/\/schema.org\",\"@graph\":[{\"@type\":\"WebPage\",\"@id\":\"https:\/\/code.efi.ohmportal.de\/blog\/astroboy-eine-legende-erblickt-das-licht\/\",\"url\":\"https:\/\/code.efi.ohmportal.de\/blog\/astroboy-eine-legende-erblickt-das-licht\/\",\"name\":\"Astroboy - eine Legende erblickt das Licht - Code Comments\",\"isPartOf\":{\"@id\":\"https:\/\/code.efi.ohmportal.de\/blog\/#website\"},\"primaryImageOfPage\":{\"@id\":\"https:\/\/code.efi.ohmportal.de\/blog\/astroboy-eine-legende-erblickt-das-licht\/#primaryimage\"},\"image\":{\"@id\":\"https:\/\/code.efi.ohmportal.de\/blog\/astroboy-eine-legende-erblickt-das-licht\/#primaryimage\"},\"thumbnailUrl\":\"https:\/\/code.efi.ohmportal.de\/blog\/wp-content\/uploads\/2022\/11\/123.001.jpg\",\"datePublished\":\"2022-11-27T09:45:03+00:00\",\"dateModified\":\"2022-11-27T09:45:05+00:00\",\"inLanguage\":\"de\",\"potentialAction\":[{\"@type\":\"ReadAction\",\"target\":[\"https:\/\/code.efi.ohmportal.de\/blog\/astroboy-eine-legende-erblickt-das-licht\/\"]}]},{\"@type\":\"ImageObject\",\"inLanguage\":\"de\",\"@id\":\"https:\/\/code.efi.ohmportal.de\/blog\/astroboy-eine-legende-erblickt-das-licht\/#primaryimage\",\"url\":\"https:\/\/code.efi.ohmportal.de\/blog\/wp-content\/uploads\/2022\/11\/123.001.jpg\",\"contentUrl\":\"https:\/\/code.efi.ohmportal.de\/blog\/wp-content\/uploads\/2022\/11\/123.001.jpg\",\"width\":1920,\"height\":791},{\"@type\":\"WebSite\",\"@id\":\"https:\/\/code.efi.ohmportal.de\/blog\/#website\",\"url\":\"https:\/\/code.efi.ohmportal.de\/blog\/\",\"name\":\"Code Comments\",\"description\":\"\",\"potentialAction\":[{\"@type\":\"SearchAction\",\"target\":{\"@type\":\"EntryPoint\",\"urlTemplate\":\"https:\/\/code.efi.ohmportal.de\/blog\/?s={search_term_string}\"},\"query-input\":{\"@type\":\"PropertyValueSpecification\",\"valueRequired\":true,\"valueName\":\"search_term_string\"}}],\"inLanguage\":\"de\"}]}<\/script>\n<!-- \/ Yoast SEO plugin. -->","yoast_head_json":{"title":"Astroboy - eine Legende erblickt das Licht - Code Comments","robots":{"index":"index","follow":"follow","max-snippet":"max-snippet:-1","max-image-preview":"max-image-preview:large","max-video-preview":"max-video-preview:-1"},"canonical":"https:\/\/code.efi.ohmportal.de\/blog\/astroboy-eine-legende-erblickt-das-licht\/","og_locale":"de_DE","og_type":"article","og_title":"Astroboy - eine Legende erblickt das Licht - Code Comments","og_description":"Ist es ein Vogel? Ist es ein Flugzeug? Nein &#8211; es ist Astroboy! Am 26. November 2022 erschafft ein deutsches Forschungsteam einen auf den ersten Blick vielleicht niedlichen, jedoch \u00e4u\u00dferst gef\u00e4hrlichen Kampfroboter. Die Vorgehensweise war f\u00fcr die 4 Forscher eine v\u00f6llig neue &#8211; sie benutzten n\u00e4mlich eine Technologie namens &#8222;Scrum&#8220;, um den Code f\u00fcr die &hellip; Astroboy &#8211; eine Legende erblickt das Licht weiterlesen","og_url":"https:\/\/code.efi.ohmportal.de\/blog\/astroboy-eine-legende-erblickt-das-licht\/","og_site_name":"Code Comments","article_modified_time":"2022-11-27T09:45:05+00:00","og_image":[{"width":1920,"height":791,"url":"https:\/\/code.efi.ohmportal.de\/blog\/wp-content\/uploads\/2022\/11\/123.001.jpg","type":"image\/jpeg"}],"twitter_misc":{"Gesch\u00e4tzte Lesezeit":"4\u00a0Minuten"},"schema":{"@context":"https:\/\/schema.org","@graph":[{"@type":"WebPage","@id":"https:\/\/code.efi.ohmportal.de\/blog\/astroboy-eine-legende-erblickt-das-licht\/","url":"https:\/\/code.efi.ohmportal.de\/blog\/astroboy-eine-legende-erblickt-das-licht\/","name":"Astroboy - eine Legende erblickt das Licht - Code Comments","isPartOf":{"@id":"https:\/\/code.efi.ohmportal.de\/blog\/#website"},"primaryImageOfPage":{"@id":"https:\/\/code.efi.ohmportal.de\/blog\/astroboy-eine-legende-erblickt-das-licht\/#primaryimage"},"image":{"@id":"https:\/\/code.efi.ohmportal.de\/blog\/astroboy-eine-legende-erblickt-das-licht\/#primaryimage"},"thumbnailUrl":"https:\/\/code.efi.ohmportal.de\/blog\/wp-content\/uploads\/2022\/11\/123.001.jpg","datePublished":"2022-11-27T09:45:03+00:00","dateModified":"2022-11-27T09:45:05+00:00","inLanguage":"de","potentialAction":[{"@type":"ReadAction","target":["https:\/\/code.efi.ohmportal.de\/blog\/astroboy-eine-legende-erblickt-das-licht\/"]}]},{"@type":"ImageObject","inLanguage":"de","@id":"https:\/\/code.efi.ohmportal.de\/blog\/astroboy-eine-legende-erblickt-das-licht\/#primaryimage","url":"https:\/\/code.efi.ohmportal.de\/blog\/wp-content\/uploads\/2022\/11\/123.001.jpg","contentUrl":"https:\/\/code.efi.ohmportal.de\/blog\/wp-content\/uploads\/2022\/11\/123.001.jpg","width":1920,"height":791},{"@type":"WebSite","@id":"https:\/\/code.efi.ohmportal.de\/blog\/#website","url":"https:\/\/code.efi.ohmportal.de\/blog\/","name":"Code Comments","description":"","potentialAction":[{"@type":"SearchAction","target":{"@type":"EntryPoint","urlTemplate":"https:\/\/code.efi.ohmportal.de\/blog\/?s={search_term_string}"},"query-input":{"@type":"PropertyValueSpecification","valueRequired":true,"valueName":"search_term_string"}}],"inLanguage":"de"}]}},"jetpack_shortlink":"https:\/\/wp.me\/P8QwJV-mo","jetpack_sharing_enabled":true,"_links":{"self":[{"href":"https:\/\/code.efi.ohmportal.de\/blog\/wp-json\/wp\/v2\/pages\/1388","targetHints":{"allow":["GET"]}}],"collection":[{"href":"https:\/\/code.efi.ohmportal.de\/blog\/wp-json\/wp\/v2\/pages"}],"about":[{"href":"https:\/\/code.efi.ohmportal.de\/blog\/wp-json\/wp\/v2\/types\/page"}],"author":[{"embeddable":true,"href":"https:\/\/code.efi.ohmportal.de\/blog\/wp-json\/wp\/v2\/users\/1"}],"replies":[{"embeddable":true,"href":"https:\/\/code.efi.ohmportal.de\/blog\/wp-json\/wp\/v2\/comments?post=1388"}],"version-history":[{"count":8,"href":"https:\/\/code.efi.ohmportal.de\/blog\/wp-json\/wp\/v2\/pages\/1388\/revisions"}],"predecessor-version":[{"id":1582,"href":"https:\/\/code.efi.ohmportal.de\/blog\/wp-json\/wp\/v2\/pages\/1388\/revisions\/1582"}],"wp:featuredmedia":[{"embeddable":true,"href":"https:\/\/code.efi.ohmportal.de\/blog\/wp-json\/wp\/v2\/media\/1566"}],"wp:attachment":[{"href":"https:\/\/code.efi.ohmportal.de\/blog\/wp-json\/wp\/v2\/media?parent=1388"}],"curies":[{"name":"wp","href":"https:\/\/api.w.org\/{rel}","templated":true}]}}