{"id":1393,"date":"2022-11-27T09:52:44","date_gmt":"2022-11-27T09:52:44","guid":{"rendered":"https:\/\/code.efi.ohmportal.de\/blog\/?p=1393"},"modified":"2022-11-27T11:23:14","modified_gmt":"2022-11-27T11:23:14","slug":"tschutschu-space-robots","status":"publish","type":"page","link":"https:\/\/code.efi.ohmportal.de\/blog\/tschutschu-space-robots\/","title":{"rendered":"TschuTschu (Space Robots)"},"content":{"rendered":"\n<p>&#8222;Wenn man den Pfad der Logik verl\u00e4sst, kann alles m\u00f6gliche passieren&#8220;<\/p>\n\n\n\n<h2 class=\"wp-block-heading\">Sprint 1<\/h2>\n\n\n\n<p>Im ersten Sprint haben wir uns mit dem Framework vertraut gemacht und erst einmal die Scratch-\u00e4hnliche Oberfl\u00e4che versucht zu verstehen. Wir hatten hierf\u00fcr 50 min Zeit.<\/p>\n\n\n\n<p>Im n\u00e4chsten Schritt ging es dann um die Message, die unser Robot transportieren soll. Wir haben uns ein bisschen an &#8222;Back to the Future&#8220; orientiert, wie auch an unseren Professoren und deren Mottos. Ein Prof sagte einst &#8222;Wenn man den Pfad der Logik verl\u00e4sst, kann alles m\u00f6gliche passieren&#8220;. Deshalb wollten wir weg von den klassischen Raumschiffen und dachten an etwas besonderes, etwas au\u00dfergew\u00f6hnliches. Die Idee, einen Zug namens TschuTschu auf Weltraummissionen zu schicken, wurde geboren. Sina hat daraufhin erste Ideen zum Logo gesammelt, aus denen sich dann die Farben lila, orange und rot gebildet haben. Den StyleGuide haben wir mit Adobe Illustrator und Adobe InDesign erstellt und in diesem werden die verwendeten Schriften, Farben und Icons definiert. <\/p>\n\n\n\n<figure class=\"wp-block-image size-full\"><a href=\"https:\/\/code.efi.ohmportal.de\/blog\/wp-content\/uploads\/2022\/11\/WhatsApp-Bild-2022-11-26-um-14.12.27-2.jpg\"><img loading=\"lazy\" decoding=\"async\" width=\"842\" height=\"595\" src=\"https:\/\/code.efi.ohmportal.de\/blog\/wp-content\/uploads\/2022\/11\/WhatsApp-Bild-2022-11-26-um-14.12.27-2.jpg\" alt=\"\" class=\"wp-image-1486\" srcset=\"https:\/\/code.efi.ohmportal.de\/blog\/wp-content\/uploads\/2022\/11\/WhatsApp-Bild-2022-11-26-um-14.12.27-2.jpg 842w, https:\/\/code.efi.ohmportal.de\/blog\/wp-content\/uploads\/2022\/11\/WhatsApp-Bild-2022-11-26-um-14.12.27-2-300x212.jpg 300w, https:\/\/code.efi.ohmportal.de\/blog\/wp-content\/uploads\/2022\/11\/WhatsApp-Bild-2022-11-26-um-14.12.27-2-768x543.jpg 768w\" sizes=\"auto, (max-width: 842px) 100vw, 842px\" \/><\/a><figcaption class=\"wp-element-caption\">Font<\/figcaption><\/figure>\n\n\n\n<figure class=\"wp-block-image size-full\"><a href=\"https:\/\/code.efi.ohmportal.de\/blog\/wp-content\/uploads\/2022\/11\/WhatsApp-Bild-2022-11-26-um-14.12.27-3.jpg\"><img loading=\"lazy\" decoding=\"async\" width=\"842\" height=\"595\" src=\"https:\/\/code.efi.ohmportal.de\/blog\/wp-content\/uploads\/2022\/11\/WhatsApp-Bild-2022-11-26-um-14.12.27-3.jpg\" alt=\"\" class=\"wp-image-1487\" srcset=\"https:\/\/code.efi.ohmportal.de\/blog\/wp-content\/uploads\/2022\/11\/WhatsApp-Bild-2022-11-26-um-14.12.27-3.jpg 842w, https:\/\/code.efi.ohmportal.de\/blog\/wp-content\/uploads\/2022\/11\/WhatsApp-Bild-2022-11-26-um-14.12.27-3-300x212.jpg 300w, https:\/\/code.efi.ohmportal.de\/blog\/wp-content\/uploads\/2022\/11\/WhatsApp-Bild-2022-11-26-um-14.12.27-3-768x543.jpg 768w\" sizes=\"auto, (max-width: 842px) 100vw, 842px\" \/><\/a><figcaption class=\"wp-element-caption\">Farben<\/figcaption><\/figure>\n\n\n\n<p>Den Code haben anfangs Tobi und Maxi geschrieben. TschuTschu bewegt sich nun analog des folgenden Codes nach vorne, nach hinten und diagonal. <\/p>\n\n\n\n<figure class=\"wp-block-image size-full\"><a href=\"https:\/\/code.efi.ohmportal.de\/blog\/wp-content\/uploads\/2022\/11\/2022-11-26-14_17_44-SpacerobotsUi-\u2013-Mozilla-Firefox.png\"><img loading=\"lazy\" decoding=\"async\" width=\"685\" height=\"500\" src=\"https:\/\/code.efi.ohmportal.de\/blog\/wp-content\/uploads\/2022\/11\/2022-11-26-14_17_44-SpacerobotsUi-\u2013-Mozilla-Firefox.png\" alt=\"\" class=\"wp-image-1459\" srcset=\"https:\/\/code.efi.ohmportal.de\/blog\/wp-content\/uploads\/2022\/11\/2022-11-26-14_17_44-SpacerobotsUi-\u2013-Mozilla-Firefox.png 685w, https:\/\/code.efi.ohmportal.de\/blog\/wp-content\/uploads\/2022\/11\/2022-11-26-14_17_44-SpacerobotsUi-\u2013-Mozilla-Firefox-300x219.png 300w\" sizes=\"auto, (max-width: 685px) 100vw, 685px\" \/><\/a><figcaption class=\"wp-element-caption\">Move Methode<\/figcaption><\/figure>\n\n\n\n<figure class=\"wp-block-image size-full\"><a href=\"https:\/\/code.efi.ohmportal.de\/blog\/wp-content\/uploads\/2022\/11\/2022-11-26-14_16_32-SpacerobotsUi-\u2013-Mozilla-Firefox.png\"><img loading=\"lazy\" decoding=\"async\" width=\"912\" height=\"332\" src=\"https:\/\/code.efi.ohmportal.de\/blog\/wp-content\/uploads\/2022\/11\/2022-11-26-14_16_32-SpacerobotsUi-\u2013-Mozilla-Firefox.png\" alt=\"\" class=\"wp-image-1455\" srcset=\"https:\/\/code.efi.ohmportal.de\/blog\/wp-content\/uploads\/2022\/11\/2022-11-26-14_16_32-SpacerobotsUi-\u2013-Mozilla-Firefox.png 912w, https:\/\/code.efi.ohmportal.de\/blog\/wp-content\/uploads\/2022\/11\/2022-11-26-14_16_32-SpacerobotsUi-\u2013-Mozilla-Firefox-300x109.png 300w, https:\/\/code.efi.ohmportal.de\/blog\/wp-content\/uploads\/2022\/11\/2022-11-26-14_16_32-SpacerobotsUi-\u2013-Mozilla-Firefox-768x280.png 768w\" sizes=\"auto, (max-width: 912px) 100vw, 912px\" \/><\/a><figcaption class=\"wp-element-caption\">Scan Method<\/figcaption><\/figure>\n\n\n\n<p>Am Anfang haben wir den Blogeintrag nur Stichpunktartig angelegt und die wichtigesten Stichpunkte festgehlaten.<\/p>\n\n\n\n<h2 class=\"wp-block-heading\">Sprint 2<\/h2>\n\n\n\n<p>Im zweiten Sprint ging es dann darum, das Logo zu gestalten sowie kleinere Programmieraufgaben f\u00fcr den Roboter zu l\u00f6sen. <\/p>\n\n\n\n<p>Als Logo haben wir uns f\u00fcr eine Lokomotive entschieden, die einen Raketenantrieb hat und \u00fcber einen runden Ausschnitt des Sternensystems fliegt. Damit soll unser Slogan &#8222;Wenn man den Pfad der Logik verl\u00e4sst, kann alles m\u00f6gliche passieren&#8220;.<\/p>\n\n\n\n<figure class=\"wp-block-image size-full\"><a href=\"https:\/\/code.efi.ohmportal.de\/blog\/wp-content\/uploads\/2022\/11\/WhatsApp-Bild-2022-11-26-um-14.12.27-1.jpg\"><img loading=\"lazy\" decoding=\"async\" width=\"842\" height=\"595\" src=\"https:\/\/code.efi.ohmportal.de\/blog\/wp-content\/uploads\/2022\/11\/WhatsApp-Bild-2022-11-26-um-14.12.27-1.jpg\" alt=\"\" class=\"wp-image-1485\" srcset=\"https:\/\/code.efi.ohmportal.de\/blog\/wp-content\/uploads\/2022\/11\/WhatsApp-Bild-2022-11-26-um-14.12.27-1.jpg 842w, https:\/\/code.efi.ohmportal.de\/blog\/wp-content\/uploads\/2022\/11\/WhatsApp-Bild-2022-11-26-um-14.12.27-1-300x212.jpg 300w, https:\/\/code.efi.ohmportal.de\/blog\/wp-content\/uploads\/2022\/11\/WhatsApp-Bild-2022-11-26-um-14.12.27-1-768x543.jpg 768w\" sizes=\"auto, (max-width: 842px) 100vw, 842px\" \/><\/a><figcaption class=\"wp-element-caption\">Logo und Icons<\/figcaption><\/figure>\n\n\n\n<p>Parallel zum Logo haben Maxi und Bruno den Code weiterentwickelt. Es ging um folgende Aufgaben in diesem Sprint. <\/p>\n\n\n\n<p><strong>Doppelter Schuss<\/strong><br>Es sollte ein doppelter Schuss programmiert werden, wenn die Energie gro\u00df genug ist, jedoch muss zwischen 2 Doppelsch\u00fcssen eine gewisse Zeit vergehen.<\/p>\n\n\n\n<p><strong>Ausweichmanouver<\/strong><br>Die zweite Aufgabe war es, Ausweichmanouver zu programmieren.<\/p>\n\n\n\n<p><strong>Kreisbewegung<\/strong><br>Und die dritte Aufgabe war es, den Robot im Kreis fliegen zu lassen. Dazu sollte das Schiff in der Mitte kreisf\u00f6rmig bzw. Spiralf\u00f6rmig nach au\u00dfen fliegen und notfalls ein Ausweichmanouver zu fliegen.<\/p>\n\n\n\n<figure class=\"wp-block-image size-full\"><a href=\"https:\/\/code.efi.ohmportal.de\/blog\/wp-content\/uploads\/2022\/11\/2022-11-26-14_06_26-SpacerobotsUi-\u2013-Mozilla-Firefox.png\"><img loading=\"lazy\" decoding=\"async\" width=\"977\" height=\"691\" src=\"https:\/\/code.efi.ohmportal.de\/blog\/wp-content\/uploads\/2022\/11\/2022-11-26-14_06_26-SpacerobotsUi-\u2013-Mozilla-Firefox.png\" alt=\"\" class=\"wp-image-1448\" srcset=\"https:\/\/code.efi.ohmportal.de\/blog\/wp-content\/uploads\/2022\/11\/2022-11-26-14_06_26-SpacerobotsUi-\u2013-Mozilla-Firefox.png 977w, https:\/\/code.efi.ohmportal.de\/blog\/wp-content\/uploads\/2022\/11\/2022-11-26-14_06_26-SpacerobotsUi-\u2013-Mozilla-Firefox-300x212.png 300w, https:\/\/code.efi.ohmportal.de\/blog\/wp-content\/uploads\/2022\/11\/2022-11-26-14_06_26-SpacerobotsUi-\u2013-Mozilla-Firefox-768x543.png 768w\" sizes=\"auto, (max-width: 977px) 100vw, 977px\" \/><\/a><\/figure>\n\n\n\n<p><br>Im zweiten Sprint wurde der Bolgeintrag von Tobi vervollst\u00e4digt und erweitert mit den Themen die fertig wurden.<\/p>\n\n\n\n<h2 class=\"wp-block-heading\">Sprint 3<\/h2>\n\n\n\n<p>In letzten Sprint haben wir den Scanner erweitert, indem Bruno und Maxi die Funtionen des &#8218;Rundum Scannen&#8216; und &#8218;Schie\u00dfen nach Scannen&#8216; implementiert haben.<\/p>\n\n\n\n<figure class=\"wp-block-image size-full\"><a href=\"https:\/\/code.efi.ohmportal.de\/blog\/wp-content\/uploads\/2022\/11\/2022-11-26-15_23_50-SpacerobotsUi-\u2013-Mozilla-Firefox.png\"><img loading=\"lazy\" decoding=\"async\" width=\"430\" height=\"796\" src=\"https:\/\/code.efi.ohmportal.de\/blog\/wp-content\/uploads\/2022\/11\/2022-11-26-15_23_50-SpacerobotsUi-\u2013-Mozilla-Firefox.png\" alt=\"\" class=\"wp-image-1536\" srcset=\"https:\/\/code.efi.ohmportal.de\/blog\/wp-content\/uploads\/2022\/11\/2022-11-26-15_23_50-SpacerobotsUi-\u2013-Mozilla-Firefox.png 430w, https:\/\/code.efi.ohmportal.de\/blog\/wp-content\/uploads\/2022\/11\/2022-11-26-15_23_50-SpacerobotsUi-\u2013-Mozilla-Firefox-162x300.png 162w\" sizes=\"auto, (max-width: 430px) 100vw, 430px\" \/><\/a><figcaption class=\"wp-element-caption\">Schie\u00dfen nach Scannen Methode<\/figcaption><\/figure>\n\n\n\n<p>Nebenbei hat Sina unser Plakat erstellt, dass Investoren auf unseren TschuTschu Train aufmerksam machen und auf darauf aufmerkasmamachen sollen.<\/p>\n\n\n\n<figure class=\"wp-block-image size-large\"><a href=\"https:\/\/code.efi.ohmportal.de\/blog\/wp-content\/uploads\/2022\/11\/WhatsApp-Bild-2022-11-26-um-15.28.01.jpg\"><img loading=\"lazy\" decoding=\"async\" width=\"724\" height=\"1024\" src=\"https:\/\/code.efi.ohmportal.de\/blog\/wp-content\/uploads\/2022\/11\/WhatsApp-Bild-2022-11-26-um-15.28.01-724x1024.jpg\" alt=\"\" class=\"wp-image-1549\" srcset=\"https:\/\/code.efi.ohmportal.de\/blog\/wp-content\/uploads\/2022\/11\/WhatsApp-Bild-2022-11-26-um-15.28.01-724x1024.jpg 724w, https:\/\/code.efi.ohmportal.de\/blog\/wp-content\/uploads\/2022\/11\/WhatsApp-Bild-2022-11-26-um-15.28.01-212x300.jpg 212w, https:\/\/code.efi.ohmportal.de\/blog\/wp-content\/uploads\/2022\/11\/WhatsApp-Bild-2022-11-26-um-15.28.01-768x1086.jpg 768w, https:\/\/code.efi.ohmportal.de\/blog\/wp-content\/uploads\/2022\/11\/WhatsApp-Bild-2022-11-26-um-15.28.01.jpg 842w\" sizes=\"auto, (max-width: 724px) 100vw, 724px\" \/><\/a><figcaption class=\"wp-element-caption\">TschuTschu Plakat<\/figcaption><\/figure>\n\n\n\n<p>Allgemein wurden kleine Verbesserungen vorgenommen.<\/p>\n\n\n\n<p>Im dritten Sprint wurde der Blogeintrag von Tobi endg\u00fcltig fertiggestellt und kleinere Punkte darin ausgebessert.<\/p>\n\n\n\n<h2 class=\"wp-block-heading\">Dokumentation (readme)<\/h2>\n\n\n\n<p><strong>Standard-Verhalten<\/strong><br>Das Schiff fliegt in die Mitte und von dort aus spiralf\u00f6rmig nach Au\u00dfen. Dabei wird nach Gegnern gescannt.<\/p>\n\n\n\n<p><strong>Einfach-Schuss<\/strong><br>Wenn ein Gegner gesichtet wird, wird einen Schuss abgeben (-50 Energie).<\/p>\n\n\n\n<p><strong>Doppel-Schuss<\/strong><br>Wenn ein Gegener gesichtet wird, werden zwei Sch\u00fcsse abgeben (-100 Energie).<\/p>\n\n\n\n<p><strong>Wenn: beschossen<\/strong><br>Wenn ein gegnerisches Geschoss gescannt wird, wird ein Ausweichmanouver geflogen oder eine Abweichrakete abgeschossen.<\/p>\n\n\n\n<p><strong>Wenn: Schiff gescannt<\/strong><br>\/\/Energie f\u00fcr 1 Schuss: 50 + Minestenergie zum Agieren: 10)<br>Energie &gt;(100 + 10): Doppel-Schuss<br>Energie &gt;(50 + 10): Einfach-Schuss<br>Energie &lt;(50 + 10): [null]\n","protected":false},"excerpt":{"rendered":"<p>&#8222;Wenn man den Pfad der Logik verl\u00e4sst, kann alles m\u00f6gliche passieren&#8220; Sprint 1 Im ersten Sprint haben wir uns mit dem Framework vertraut gemacht und erst einmal die Scratch-\u00e4hnliche Oberfl\u00e4che versucht zu verstehen. Wir hatten hierf\u00fcr 50 min Zeit. Im n\u00e4chsten Schritt ging es dann um die Message, die unser Robot transportieren soll. Wir haben &hellip; <a href=\"https:\/\/code.efi.ohmportal.de\/blog\/tschutschu-space-robots\/\" class=\"more-link\"><span class=\"screen-reader-text\">TschuTschu (Space Robots)<\/span> weiterlesen<\/a><\/p>\n","protected":false},"author":1,"featured_media":1583,"parent":0,"menu_order":0,"comment_status":"open","ping_status":"open","template":"","meta":{"jetpack_post_was_ever_published":false,"footnotes":""},"class_list":["post-1393","page","type-page","status-publish","has-post-thumbnail","hentry"],"yoast_head":"<!-- This site is optimized with the Yoast SEO plugin v27.0 - https:\/\/yoast.com\/product\/yoast-seo-wordpress\/ -->\n<title>TschuTschu (Space Robots) - Code Comments<\/title>\n<meta name=\"robots\" content=\"index, follow, max-snippet:-1, max-image-preview:large, max-video-preview:-1\" \/>\n<link rel=\"canonical\" href=\"https:\/\/code.efi.ohmportal.de\/blog\/tschutschu-space-robots\/\" \/>\n<meta property=\"og:locale\" content=\"de_DE\" \/>\n<meta property=\"og:type\" content=\"article\" \/>\n<meta property=\"og:title\" content=\"TschuTschu (Space Robots) - Code Comments\" \/>\n<meta property=\"og:description\" content=\"&#8222;Wenn man den Pfad der Logik verl\u00e4sst, kann alles m\u00f6gliche passieren&#8220; Sprint 1 Im ersten Sprint haben wir uns mit dem Framework vertraut gemacht und erst einmal die Scratch-\u00e4hnliche Oberfl\u00e4che versucht zu verstehen. Wir hatten hierf\u00fcr 50 min Zeit. Im n\u00e4chsten Schritt ging es dann um die Message, die unser Robot transportieren soll. Wir haben &hellip; TschuTschu (Space Robots) weiterlesen\" \/>\n<meta property=\"og:url\" content=\"https:\/\/code.efi.ohmportal.de\/blog\/tschutschu-space-robots\/\" \/>\n<meta property=\"og:site_name\" content=\"Code Comments\" \/>\n<meta property=\"article:modified_time\" content=\"2022-11-27T11:23:14+00:00\" \/>\n<meta property=\"og:image\" content=\"https:\/\/code.efi.ohmportal.de\/blog\/wp-content\/uploads\/2022\/11\/WhatsApp-Bild-2022-11-26-um-14.12.28-1.jpg\" \/>\n\t<meta property=\"og:image:width\" content=\"840\" \/>\n\t<meta property=\"og:image:height\" content=\"353\" \/>\n\t<meta property=\"og:image:type\" content=\"image\/jpeg\" \/>\n<meta name=\"twitter:label1\" content=\"Gesch\u00e4tzte Lesezeit\" \/>\n\t<meta name=\"twitter:data1\" content=\"5\u00a0Minuten\" \/>\n<script type=\"application\/ld+json\" class=\"yoast-schema-graph\">{\"@context\":\"https:\/\/schema.org\",\"@graph\":[{\"@type\":\"WebPage\",\"@id\":\"https:\/\/code.efi.ohmportal.de\/blog\/tschutschu-space-robots\/\",\"url\":\"https:\/\/code.efi.ohmportal.de\/blog\/tschutschu-space-robots\/\",\"name\":\"TschuTschu (Space Robots) - Code Comments\",\"isPartOf\":{\"@id\":\"https:\/\/code.efi.ohmportal.de\/blog\/#website\"},\"primaryImageOfPage\":{\"@id\":\"https:\/\/code.efi.ohmportal.de\/blog\/tschutschu-space-robots\/#primaryimage\"},\"image\":{\"@id\":\"https:\/\/code.efi.ohmportal.de\/blog\/tschutschu-space-robots\/#primaryimage\"},\"thumbnailUrl\":\"https:\/\/code.efi.ohmportal.de\/blog\/wp-content\/uploads\/2022\/11\/WhatsApp-Bild-2022-11-26-um-14.12.28-1.jpg\",\"datePublished\":\"2022-11-27T09:52:44+00:00\",\"dateModified\":\"2022-11-27T11:23:14+00:00\",\"inLanguage\":\"de\",\"potentialAction\":[{\"@type\":\"ReadAction\",\"target\":[\"https:\/\/code.efi.ohmportal.de\/blog\/tschutschu-space-robots\/\"]}]},{\"@type\":\"ImageObject\",\"inLanguage\":\"de\",\"@id\":\"https:\/\/code.efi.ohmportal.de\/blog\/tschutschu-space-robots\/#primaryimage\",\"url\":\"https:\/\/code.efi.ohmportal.de\/blog\/wp-content\/uploads\/2022\/11\/WhatsApp-Bild-2022-11-26-um-14.12.28-1.jpg\",\"contentUrl\":\"https:\/\/code.efi.ohmportal.de\/blog\/wp-content\/uploads\/2022\/11\/WhatsApp-Bild-2022-11-26-um-14.12.28-1.jpg\",\"width\":840,\"height\":353},{\"@type\":\"WebSite\",\"@id\":\"https:\/\/code.efi.ohmportal.de\/blog\/#website\",\"url\":\"https:\/\/code.efi.ohmportal.de\/blog\/\",\"name\":\"Code Comments\",\"description\":\"\",\"potentialAction\":[{\"@type\":\"SearchAction\",\"target\":{\"@type\":\"EntryPoint\",\"urlTemplate\":\"https:\/\/code.efi.ohmportal.de\/blog\/?s={search_term_string}\"},\"query-input\":{\"@type\":\"PropertyValueSpecification\",\"valueRequired\":true,\"valueName\":\"search_term_string\"}}],\"inLanguage\":\"de\"}]}<\/script>\n<!-- \/ Yoast SEO plugin. -->","yoast_head_json":{"title":"TschuTschu (Space Robots) - Code Comments","robots":{"index":"index","follow":"follow","max-snippet":"max-snippet:-1","max-image-preview":"max-image-preview:large","max-video-preview":"max-video-preview:-1"},"canonical":"https:\/\/code.efi.ohmportal.de\/blog\/tschutschu-space-robots\/","og_locale":"de_DE","og_type":"article","og_title":"TschuTschu (Space Robots) - Code Comments","og_description":"&#8222;Wenn man den Pfad der Logik verl\u00e4sst, kann alles m\u00f6gliche passieren&#8220; Sprint 1 Im ersten Sprint haben wir uns mit dem Framework vertraut gemacht und erst einmal die Scratch-\u00e4hnliche Oberfl\u00e4che versucht zu verstehen. Wir hatten hierf\u00fcr 50 min Zeit. Im n\u00e4chsten Schritt ging es dann um die Message, die unser Robot transportieren soll. Wir haben &hellip; TschuTschu (Space Robots) weiterlesen","og_url":"https:\/\/code.efi.ohmportal.de\/blog\/tschutschu-space-robots\/","og_site_name":"Code Comments","article_modified_time":"2022-11-27T11:23:14+00:00","og_image":[{"width":840,"height":353,"url":"https:\/\/code.efi.ohmportal.de\/blog\/wp-content\/uploads\/2022\/11\/WhatsApp-Bild-2022-11-26-um-14.12.28-1.jpg","type":"image\/jpeg"}],"twitter_misc":{"Gesch\u00e4tzte Lesezeit":"5\u00a0Minuten"},"schema":{"@context":"https:\/\/schema.org","@graph":[{"@type":"WebPage","@id":"https:\/\/code.efi.ohmportal.de\/blog\/tschutschu-space-robots\/","url":"https:\/\/code.efi.ohmportal.de\/blog\/tschutschu-space-robots\/","name":"TschuTschu (Space Robots) - Code Comments","isPartOf":{"@id":"https:\/\/code.efi.ohmportal.de\/blog\/#website"},"primaryImageOfPage":{"@id":"https:\/\/code.efi.ohmportal.de\/blog\/tschutschu-space-robots\/#primaryimage"},"image":{"@id":"https:\/\/code.efi.ohmportal.de\/blog\/tschutschu-space-robots\/#primaryimage"},"thumbnailUrl":"https:\/\/code.efi.ohmportal.de\/blog\/wp-content\/uploads\/2022\/11\/WhatsApp-Bild-2022-11-26-um-14.12.28-1.jpg","datePublished":"2022-11-27T09:52:44+00:00","dateModified":"2022-11-27T11:23:14+00:00","inLanguage":"de","potentialAction":[{"@type":"ReadAction","target":["https:\/\/code.efi.ohmportal.de\/blog\/tschutschu-space-robots\/"]}]},{"@type":"ImageObject","inLanguage":"de","@id":"https:\/\/code.efi.ohmportal.de\/blog\/tschutschu-space-robots\/#primaryimage","url":"https:\/\/code.efi.ohmportal.de\/blog\/wp-content\/uploads\/2022\/11\/WhatsApp-Bild-2022-11-26-um-14.12.28-1.jpg","contentUrl":"https:\/\/code.efi.ohmportal.de\/blog\/wp-content\/uploads\/2022\/11\/WhatsApp-Bild-2022-11-26-um-14.12.28-1.jpg","width":840,"height":353},{"@type":"WebSite","@id":"https:\/\/code.efi.ohmportal.de\/blog\/#website","url":"https:\/\/code.efi.ohmportal.de\/blog\/","name":"Code Comments","description":"","potentialAction":[{"@type":"SearchAction","target":{"@type":"EntryPoint","urlTemplate":"https:\/\/code.efi.ohmportal.de\/blog\/?s={search_term_string}"},"query-input":{"@type":"PropertyValueSpecification","valueRequired":true,"valueName":"search_term_string"}}],"inLanguage":"de"}]}},"jetpack_shortlink":"https:\/\/wp.me\/P8QwJV-mt","jetpack_sharing_enabled":true,"_links":{"self":[{"href":"https:\/\/code.efi.ohmportal.de\/blog\/wp-json\/wp\/v2\/pages\/1393","targetHints":{"allow":["GET"]}}],"collection":[{"href":"https:\/\/code.efi.ohmportal.de\/blog\/wp-json\/wp\/v2\/pages"}],"about":[{"href":"https:\/\/code.efi.ohmportal.de\/blog\/wp-json\/wp\/v2\/types\/page"}],"author":[{"embeddable":true,"href":"https:\/\/code.efi.ohmportal.de\/blog\/wp-json\/wp\/v2\/users\/1"}],"replies":[{"embeddable":true,"href":"https:\/\/code.efi.ohmportal.de\/blog\/wp-json\/wp\/v2\/comments?post=1393"}],"version-history":[{"count":21,"href":"https:\/\/code.efi.ohmportal.de\/blog\/wp-json\/wp\/v2\/pages\/1393\/revisions"}],"predecessor-version":[{"id":1631,"href":"https:\/\/code.efi.ohmportal.de\/blog\/wp-json\/wp\/v2\/pages\/1393\/revisions\/1631"}],"wp:featuredmedia":[{"embeddable":true,"href":"https:\/\/code.efi.ohmportal.de\/blog\/wp-json\/wp\/v2\/media\/1583"}],"wp:attachment":[{"href":"https:\/\/code.efi.ohmportal.de\/blog\/wp-json\/wp\/v2\/media?parent=1393"}],"curies":[{"name":"wp","href":"https:\/\/api.w.org\/{rel}","templated":true}]}}