{"id":1400,"date":"2022-11-27T10:03:49","date_gmt":"2022-11-27T10:03:49","guid":{"rendered":"https:\/\/code.efi.ohmportal.de\/blog\/?p=1400"},"modified":"2025-05-29T19:53:24","modified_gmt":"2025-05-29T19:53:24","slug":"bloody-mary","status":"publish","type":"page","link":"https:\/\/code.efi.ohmportal.de\/blog\/bloody-mary\/","title":{"rendered":"Bloody Mary"},"content":{"rendered":"\n<p>&#8222;Bek\u00e4mpfe Feuer mit Feuer!&#8220;<\/p>\n\n\n\n<p>Eine Revolution ist dabei  auszubrechen und wir vier haben uns entschlossen, uns auch in den Kampf zu st\u00fcrzen!<\/p>\n\n\n\n<p>Sprint 1<\/p>\n\n\n\n<p>Wir haben uns \u00fcberlegt, wie wir Frieden in der Galaxie wieder herstellen wollen, durch Demokratie und Diplomatie oder durch Gewalt und Unterdr\u00fcckung. Legen wir unseren Fokus darauf, m\u00f6glichst lange auszuweichen, als auf Defense, oder darauf, m\u00f6glichst lange r\u00fccksichtslos alle Feinde auszul\u00f6schen? F\u00fcr dieses Kampfschiff ist letzteres der Fall. Wir wissen, dass dieses Schiff fr\u00fcher oder sp\u00e4ter seinem Gegner erliegt, aber das Ziel ist, vorher m\u00f6glichst viele Feinde auszuschalten. <\/p>\n\n\n\n<figure class=\"wp-block-image size-full\"><a href=\"https:\/\/code.efi.ohmportal.de\/blog\/wp-content\/uploads\/2022\/11\/grafik-1.png\"><img loading=\"lazy\" decoding=\"async\" width=\"970\" height=\"661\" src=\"https:\/\/code.efi.ohmportal.de\/blog\/wp-content\/uploads\/2022\/11\/grafik-1.png\" alt=\"\" class=\"wp-image-1434\" srcset=\"https:\/\/code.efi.ohmportal.de\/blog\/wp-content\/uploads\/2022\/11\/grafik-1.png 970w, https:\/\/code.efi.ohmportal.de\/blog\/wp-content\/uploads\/2022\/11\/grafik-1-300x204.png 300w, https:\/\/code.efi.ohmportal.de\/blog\/wp-content\/uploads\/2022\/11\/grafik-1-768x523.png 768w\" sizes=\"auto, (max-width: 970px) 100vw, 970px\" \/><\/a><\/figure>\n\n\n\n<p>Daher ist der Arbeitstitel Bloody Mary und der Slogan ist &#8222;Bek\u00e4mpfe Feuer mit Feuer.&#8220; (Offen f\u00fcr Ver\u00e4nderungen.) Unsere Farben wurden dementsprechend dunkel und boshaft gew\u00e4hlt. Unser Schiff ist nicht heldenhaft, aber es versucht auch nicht, sich als solches auszugeben.<\/p>\n\n\n\n<p>Programmiert wurde zuerst, dass das Schiff \u00fcberhaupt fliegen kann, da es das wichtigste ist. Auch Scannen kann das Schiff nun schon. Als letztes wurde das Schie\u00dfen hinzugef\u00fcgt. Die Bloody Mary ist nun mit den grundlegenden Funktionen ausgestellt.<\/p>\n\n\n\n<figure class=\"wp-block-image size-large\"><a href=\"https:\/\/code.efi.ohmportal.de\/blog\/wp-content\/uploads\/2022\/11\/grafik.png\"><img loading=\"lazy\" decoding=\"async\" width=\"1024\" height=\"576\" src=\"https:\/\/code.efi.ohmportal.de\/blog\/wp-content\/uploads\/2022\/11\/grafik-1024x576.png\" alt=\"\" class=\"wp-image-1426\" srcset=\"https:\/\/code.efi.ohmportal.de\/blog\/wp-content\/uploads\/2022\/11\/grafik-1024x576.png 1024w, https:\/\/code.efi.ohmportal.de\/blog\/wp-content\/uploads\/2022\/11\/grafik-300x169.png 300w, https:\/\/code.efi.ohmportal.de\/blog\/wp-content\/uploads\/2022\/11\/grafik-768x432.png 768w, https:\/\/code.efi.ohmportal.de\/blog\/wp-content\/uploads\/2022\/11\/grafik-1536x864.png 1536w, https:\/\/code.efi.ohmportal.de\/blog\/wp-content\/uploads\/2022\/11\/grafik.png 1920w\" sizes=\"auto, (max-width: 1024px) 100vw, 1024px\" \/><\/a><\/figure>\n\n\n\n<p><\/p>\n\n\n\n<p>F\u00fcr die Schriftart standen Bradley Hand ITC, Newton Howard Font und Papyrus zur Verf\u00fcgung und letzten Endes entschieden wir uns f\u00fcr Newton Howard.<\/p>\n\n\n\n<p>&#8212;&#8211;<\/p>\n\n\n\n<p>Sprint 2<\/p>\n\n\n\n<p>Zeit ist knapp in Sprint 2, zu Beginn des Sprints kann unser Schiff nur in die obere rechte Ecke schie\u00dfen. Dies muss nun ge\u00e4ndert werden, immerhin soll er in die Mitte schie\u00dfen. Auch soll er in Kurven fliegen, welches er momentan noch nicht tut.<\/p>\n\n\n\n<figure class=\"wp-block-image size-large\"><a href=\"https:\/\/code.efi.ohmportal.de\/blog\/wp-content\/uploads\/2022\/11\/grafik-2.png\"><img loading=\"lazy\" decoding=\"async\" width=\"1024\" height=\"576\" src=\"https:\/\/code.efi.ohmportal.de\/blog\/wp-content\/uploads\/2022\/11\/grafik-2-1024x576.png\" alt=\"\" class=\"wp-image-1436\" srcset=\"https:\/\/code.efi.ohmportal.de\/blog\/wp-content\/uploads\/2022\/11\/grafik-2-1024x576.png 1024w, https:\/\/code.efi.ohmportal.de\/blog\/wp-content\/uploads\/2022\/11\/grafik-2-300x169.png 300w, https:\/\/code.efi.ohmportal.de\/blog\/wp-content\/uploads\/2022\/11\/grafik-2-768x432.png 768w, https:\/\/code.efi.ohmportal.de\/blog\/wp-content\/uploads\/2022\/11\/grafik-2-1536x864.png 1536w, https:\/\/code.efi.ohmportal.de\/blog\/wp-content\/uploads\/2022\/11\/grafik-2.png 1920w\" sizes=\"auto, (max-width: 1024px) 100vw, 1024px\" \/><\/a><\/figure>\n\n\n\n<p><\/p>\n\n\n\n<p>W\u00e4hrenddessen arbeitet unser Designteam hart daran, das Logo und das Raumschiff zu gestalten. Aus Zeitgr\u00fcnden haben sie sich dazu entschieden, lediglich ein Schriftlogo mit den ersten beiden Buchstaben der Bloody Mary zu gestalten. Die Zeit f\u00fcr die Skizze wurde verk\u00fcrzt, um sie auf das Logo zu konzentrieren. Das Problem ist, dass beide Designerinnen sich nicht mit InDesign auskennen, aber es f\u00fcr dieses Projekt verwenden. Wir haben nicht die Zeit, uns Tutorials anzusehen. <\/p>\n\n\n\n<figure class=\"wp-block-image size-large\"><a href=\"https:\/\/code.efi.ohmportal.de\/blog\/wp-content\/uploads\/2022\/11\/IMG_20221126_134538-scaled.jpg\"><img loading=\"lazy\" decoding=\"async\" width=\"1024\" height=\"766\" src=\"https:\/\/code.efi.ohmportal.de\/blog\/wp-content\/uploads\/2022\/11\/IMG_20221126_134538-1024x766.jpg\" alt=\"\" class=\"wp-image-1447\" srcset=\"https:\/\/code.efi.ohmportal.de\/blog\/wp-content\/uploads\/2022\/11\/IMG_20221126_134538-1024x766.jpg 1024w, https:\/\/code.efi.ohmportal.de\/blog\/wp-content\/uploads\/2022\/11\/IMG_20221126_134538-300x224.jpg 300w, https:\/\/code.efi.ohmportal.de\/blog\/wp-content\/uploads\/2022\/11\/IMG_20221126_134538-768x575.jpg 768w, https:\/\/code.efi.ohmportal.de\/blog\/wp-content\/uploads\/2022\/11\/IMG_20221126_134538-1536x1149.jpg 1536w, https:\/\/code.efi.ohmportal.de\/blog\/wp-content\/uploads\/2022\/11\/IMG_20221126_134538-2048x1532.jpg 2048w\" sizes=\"auto, (max-width: 1024px) 100vw, 1024px\" \/><\/a><\/figure>\n\n\n\n<p><\/p>\n\n\n\n<p>Am Ende des zweiten Sprints kann die Bloody Mary in Kurven fliegen und schie\u00dft auch wie gewollt in die Mitte des Spielfelds. F\u00fcr den doppelten Schuss haben wir keine Zeit mehr und m\u00fcssen es im n\u00e4chsten Sprint fortsetzen. 35 Minuten sind definitiv viel zu wenig Arbeitszeit.<\/p>\n\n\n\n<p>Weiter so, G\u00f6ki!<\/p>\n\n\n\n<figure class=\"wp-block-image size-large\"><a href=\"https:\/\/code.efi.ohmportal.de\/blog\/wp-content\/uploads\/2022\/11\/IMG_20221126_134548-scaled.jpg\"><img loading=\"lazy\" decoding=\"async\" width=\"1916\" height=\"2560\" src=\"https:\/\/code.efi.ohmportal.de\/blog\/wp-content\/uploads\/2022\/11\/IMG_20221126_134548-edited-scaled.jpg\" alt=\"\" class=\"wp-image-1470\" srcset=\"https:\/\/code.efi.ohmportal.de\/blog\/wp-content\/uploads\/2022\/11\/IMG_20221126_134548-edited-scaled.jpg 1916w, https:\/\/code.efi.ohmportal.de\/blog\/wp-content\/uploads\/2022\/11\/IMG_20221126_134548-edited-224x300.jpg 224w, https:\/\/code.efi.ohmportal.de\/blog\/wp-content\/uploads\/2022\/11\/IMG_20221126_134548-edited-766x1024.jpg 766w, https:\/\/code.efi.ohmportal.de\/blog\/wp-content\/uploads\/2022\/11\/IMG_20221126_134548-edited-768x1026.jpg 768w, https:\/\/code.efi.ohmportal.de\/blog\/wp-content\/uploads\/2022\/11\/IMG_20221126_134548-edited-1149x1536.jpg 1149w, https:\/\/code.efi.ohmportal.de\/blog\/wp-content\/uploads\/2022\/11\/IMG_20221126_134548-edited-1532x2048.jpg 1532w\" sizes=\"auto, (max-width: 1916px) 100vw, 1916px\" \/><\/a><\/figure>\n\n\n\n<hr class=\"wp-block-separator has-alpha-channel-opacity\"\/>\n\n\n\n<p>Sprint 3<\/p>\n\n\n\n<p>Die Designerinnen arbeiten nun im 3. Teil daran, das Plakat fertigzumachen, das zum Kampf in der Bloody Mary aufruft. Vielleicht kommt ihr nicht heil nach Hause, aber das ist auch nicht wichtig, denn ihr sterbt f\u00fcr einen guten Zweck!<\/p>\n\n\n\n<p>W\u00e4hrenddessen arbeitet unser Programmierer daran, den Doppelschuss hinzubekommen. Den Vorsprung aus Sprint 1 haben wir l\u00e4ngst verloren, die Bloody Mary wird wirklich ein Selbstmordschiff. <\/p>\n\n\n\n<p>An dieser Stelle hat sich unser Geldgeber eingeschalten und uns Hinweise geliefert, wie wir den Doppelschuss umsetzen k\u00f6nnen. Immerhin m\u00f6chte er auch nicht, dass die Bloody Mary direkt bei ihrem ersten Einsatz zerst\u00f6rt wird.<\/p>\n\n\n\n<p>12 Minuten vor dem Ende von Sprints und damit 12 Minuten vor dem ersten EInsatz der Bloody Mary kann sie Gegner und Raketen durch den Scan erkennen und danach schie\u00dfen.<\/p>\n\n\n\n<p>Unser Plakat ist noch in Arbeit, es soll dieselbe bedrohliche Aura ausstrahlen wie die Bloody Mari an sich. Leider hat auch hier die Zeit nicht ausgereicht.<\/p>\n\n\n\n<p>Man kann eine Revolution nun einmal nicht in 4 Stunden planen.<\/p>\n\n\n\n<p>Dennoch wird die Bloody Mary ihr Bestes geben und ist bereit, f\u00fcr ihren guten Zweck zu sterben!<\/p>\n\n\n\n<p>Viva la revoluci\u00f3n!<\/p>\n\n\n\n<figure class=\"wp-block-image size-large\"><a href=\"https:\/\/code.efi.ohmportal.de\/blog\/wp-content\/uploads\/2022\/11\/grafik-6.png\"><img loading=\"lazy\" decoding=\"async\" width=\"724\" height=\"1024\" src=\"https:\/\/code.efi.ohmportal.de\/blog\/wp-content\/uploads\/2022\/11\/grafik-6-724x1024.png\" alt=\"\" class=\"wp-image-1537\" srcset=\"https:\/\/code.efi.ohmportal.de\/blog\/wp-content\/uploads\/2022\/11\/grafik-6-724x1024.png 724w, https:\/\/code.efi.ohmportal.de\/blog\/wp-content\/uploads\/2022\/11\/grafik-6-212x300.png 212w, https:\/\/code.efi.ohmportal.de\/blog\/wp-content\/uploads\/2022\/11\/grafik-6-768x1087.png 768w, https:\/\/code.efi.ohmportal.de\/blog\/wp-content\/uploads\/2022\/11\/grafik-6.png 841w\" sizes=\"auto, (max-width: 724px) 100vw, 724px\" \/><\/a><\/figure>\n","protected":false},"excerpt":{"rendered":"<p>&#8222;Bek\u00e4mpfe Feuer mit Feuer!&#8220; Eine Revolution ist dabei auszubrechen und wir vier haben uns entschlossen, uns auch in den Kampf zu st\u00fcrzen! Sprint 1 Wir haben uns \u00fcberlegt, wie wir Frieden in der Galaxie wieder herstellen wollen, durch Demokratie und Diplomatie oder durch Gewalt und Unterdr\u00fcckung. Legen wir unseren Fokus darauf, m\u00f6glichst lange auszuweichen, als &hellip; <a href=\"https:\/\/code.efi.ohmportal.de\/blog\/bloody-mary\/\" class=\"more-link\"><span class=\"screen-reader-text\">Bloody Mary<\/span> weiterlesen<\/a><\/p>\n","protected":false},"author":1,"featured_media":1587,"parent":0,"menu_order":0,"comment_status":"open","ping_status":"open","template":"","meta":{"jetpack_post_was_ever_published":false,"footnotes":""},"class_list":["post-1400","page","type-page","status-publish","has-post-thumbnail","hentry"],"yoast_head":"<!-- This site is optimized with the Yoast SEO plugin v27.0 - https:\/\/yoast.com\/product\/yoast-seo-wordpress\/ -->\n<title>Bloody Mary - Code Comments<\/title>\n<meta name=\"robots\" content=\"index, follow, max-snippet:-1, max-image-preview:large, max-video-preview:-1\" \/>\n<link rel=\"canonical\" href=\"https:\/\/code.efi.ohmportal.de\/blog\/bloody-mary\/\" \/>\n<meta property=\"og:locale\" content=\"de_DE\" \/>\n<meta property=\"og:type\" content=\"article\" \/>\n<meta property=\"og:title\" content=\"Bloody Mary - Code Comments\" \/>\n<meta property=\"og:description\" content=\"&#8222;Bek\u00e4mpfe Feuer mit Feuer!&#8220; Eine Revolution ist dabei auszubrechen und wir vier haben uns entschlossen, uns auch in den Kampf zu st\u00fcrzen! Sprint 1 Wir haben uns \u00fcberlegt, wie wir Frieden in der Galaxie wieder herstellen wollen, durch Demokratie und Diplomatie oder durch Gewalt und Unterdr\u00fcckung. Legen wir unseren Fokus darauf, m\u00f6glichst lange auszuweichen, als &hellip; Bloody Mary weiterlesen\" \/>\n<meta property=\"og:url\" content=\"https:\/\/code.efi.ohmportal.de\/blog\/bloody-mary\/\" \/>\n<meta property=\"og:site_name\" content=\"Code Comments\" \/>\n<meta property=\"article:modified_time\" content=\"2025-05-29T19:53:24+00:00\" \/>\n<meta property=\"og:image\" content=\"https:\/\/code.efi.ohmportal.de\/blog\/wp-content\/uploads\/2022\/11\/grafik-3-1.png\" \/>\n\t<meta property=\"og:image:width\" content=\"1000\" \/>\n\t<meta property=\"og:image:height\" content=\"400\" \/>\n\t<meta property=\"og:image:type\" content=\"image\/png\" \/>\n<meta name=\"twitter:label1\" content=\"Gesch\u00e4tzte Lesezeit\" \/>\n\t<meta name=\"twitter:data1\" content=\"5\u00a0Minuten\" \/>\n<script type=\"application\/ld+json\" class=\"yoast-schema-graph\">{\"@context\":\"https:\/\/schema.org\",\"@graph\":[{\"@type\":\"WebPage\",\"@id\":\"https:\/\/code.efi.ohmportal.de\/blog\/bloody-mary\/\",\"url\":\"https:\/\/code.efi.ohmportal.de\/blog\/bloody-mary\/\",\"name\":\"Bloody Mary - Code Comments\",\"isPartOf\":{\"@id\":\"https:\/\/code.efi.ohmportal.de\/blog\/#website\"},\"primaryImageOfPage\":{\"@id\":\"https:\/\/code.efi.ohmportal.de\/blog\/bloody-mary\/#primaryimage\"},\"image\":{\"@id\":\"https:\/\/code.efi.ohmportal.de\/blog\/bloody-mary\/#primaryimage\"},\"thumbnailUrl\":\"https:\/\/code.efi.ohmportal.de\/blog\/wp-content\/uploads\/2022\/11\/grafik-3-1.png\",\"datePublished\":\"2022-11-27T10:03:49+00:00\",\"dateModified\":\"2025-05-29T19:53:24+00:00\",\"inLanguage\":\"de\",\"potentialAction\":[{\"@type\":\"ReadAction\",\"target\":[\"https:\/\/code.efi.ohmportal.de\/blog\/bloody-mary\/\"]}]},{\"@type\":\"ImageObject\",\"inLanguage\":\"de\",\"@id\":\"https:\/\/code.efi.ohmportal.de\/blog\/bloody-mary\/#primaryimage\",\"url\":\"https:\/\/code.efi.ohmportal.de\/blog\/wp-content\/uploads\/2022\/11\/grafik-3-1.png\",\"contentUrl\":\"https:\/\/code.efi.ohmportal.de\/blog\/wp-content\/uploads\/2022\/11\/grafik-3-1.png\",\"width\":1000,\"height\":400},{\"@type\":\"WebSite\",\"@id\":\"https:\/\/code.efi.ohmportal.de\/blog\/#website\",\"url\":\"https:\/\/code.efi.ohmportal.de\/blog\/\",\"name\":\"Code Comments\",\"description\":\"\",\"potentialAction\":[{\"@type\":\"SearchAction\",\"target\":{\"@type\":\"EntryPoint\",\"urlTemplate\":\"https:\/\/code.efi.ohmportal.de\/blog\/?s={search_term_string}\"},\"query-input\":{\"@type\":\"PropertyValueSpecification\",\"valueRequired\":true,\"valueName\":\"search_term_string\"}}],\"inLanguage\":\"de\"}]}<\/script>\n<!-- \/ Yoast SEO plugin. -->","yoast_head_json":{"title":"Bloody Mary - Code Comments","robots":{"index":"index","follow":"follow","max-snippet":"max-snippet:-1","max-image-preview":"max-image-preview:large","max-video-preview":"max-video-preview:-1"},"canonical":"https:\/\/code.efi.ohmportal.de\/blog\/bloody-mary\/","og_locale":"de_DE","og_type":"article","og_title":"Bloody Mary - Code Comments","og_description":"&#8222;Bek\u00e4mpfe Feuer mit Feuer!&#8220; Eine Revolution ist dabei auszubrechen und wir vier haben uns entschlossen, uns auch in den Kampf zu st\u00fcrzen! Sprint 1 Wir haben uns \u00fcberlegt, wie wir Frieden in der Galaxie wieder herstellen wollen, durch Demokratie und Diplomatie oder durch Gewalt und Unterdr\u00fcckung. Legen wir unseren Fokus darauf, m\u00f6glichst lange auszuweichen, als &hellip; Bloody Mary weiterlesen","og_url":"https:\/\/code.efi.ohmportal.de\/blog\/bloody-mary\/","og_site_name":"Code Comments","article_modified_time":"2025-05-29T19:53:24+00:00","og_image":[{"width":1000,"height":400,"url":"https:\/\/code.efi.ohmportal.de\/blog\/wp-content\/uploads\/2022\/11\/grafik-3-1.png","type":"image\/png"}],"twitter_misc":{"Gesch\u00e4tzte Lesezeit":"5\u00a0Minuten"},"schema":{"@context":"https:\/\/schema.org","@graph":[{"@type":"WebPage","@id":"https:\/\/code.efi.ohmportal.de\/blog\/bloody-mary\/","url":"https:\/\/code.efi.ohmportal.de\/blog\/bloody-mary\/","name":"Bloody Mary - Code Comments","isPartOf":{"@id":"https:\/\/code.efi.ohmportal.de\/blog\/#website"},"primaryImageOfPage":{"@id":"https:\/\/code.efi.ohmportal.de\/blog\/bloody-mary\/#primaryimage"},"image":{"@id":"https:\/\/code.efi.ohmportal.de\/blog\/bloody-mary\/#primaryimage"},"thumbnailUrl":"https:\/\/code.efi.ohmportal.de\/blog\/wp-content\/uploads\/2022\/11\/grafik-3-1.png","datePublished":"2022-11-27T10:03:49+00:00","dateModified":"2025-05-29T19:53:24+00:00","inLanguage":"de","potentialAction":[{"@type":"ReadAction","target":["https:\/\/code.efi.ohmportal.de\/blog\/bloody-mary\/"]}]},{"@type":"ImageObject","inLanguage":"de","@id":"https:\/\/code.efi.ohmportal.de\/blog\/bloody-mary\/#primaryimage","url":"https:\/\/code.efi.ohmportal.de\/blog\/wp-content\/uploads\/2022\/11\/grafik-3-1.png","contentUrl":"https:\/\/code.efi.ohmportal.de\/blog\/wp-content\/uploads\/2022\/11\/grafik-3-1.png","width":1000,"height":400},{"@type":"WebSite","@id":"https:\/\/code.efi.ohmportal.de\/blog\/#website","url":"https:\/\/code.efi.ohmportal.de\/blog\/","name":"Code Comments","description":"","potentialAction":[{"@type":"SearchAction","target":{"@type":"EntryPoint","urlTemplate":"https:\/\/code.efi.ohmportal.de\/blog\/?s={search_term_string}"},"query-input":{"@type":"PropertyValueSpecification","valueRequired":true,"valueName":"search_term_string"}}],"inLanguage":"de"}]}},"jetpack_shortlink":"https:\/\/wp.me\/P8QwJV-mA","jetpack_sharing_enabled":true,"_links":{"self":[{"href":"https:\/\/code.efi.ohmportal.de\/blog\/wp-json\/wp\/v2\/pages\/1400","targetHints":{"allow":["GET"]}}],"collection":[{"href":"https:\/\/code.efi.ohmportal.de\/blog\/wp-json\/wp\/v2\/pages"}],"about":[{"href":"https:\/\/code.efi.ohmportal.de\/blog\/wp-json\/wp\/v2\/types\/page"}],"author":[{"embeddable":true,"href":"https:\/\/code.efi.ohmportal.de\/blog\/wp-json\/wp\/v2\/users\/1"}],"replies":[{"embeddable":true,"href":"https:\/\/code.efi.ohmportal.de\/blog\/wp-json\/wp\/v2\/comments?post=1400"}],"version-history":[{"count":12,"href":"https:\/\/code.efi.ohmportal.de\/blog\/wp-json\/wp\/v2\/pages\/1400\/revisions"}],"predecessor-version":[{"id":1733,"href":"https:\/\/code.efi.ohmportal.de\/blog\/wp-json\/wp\/v2\/pages\/1400\/revisions\/1733"}],"wp:featuredmedia":[{"embeddable":true,"href":"https:\/\/code.efi.ohmportal.de\/blog\/wp-json\/wp\/v2\/media\/1587"}],"wp:attachment":[{"href":"https:\/\/code.efi.ohmportal.de\/blog\/wp-json\/wp\/v2\/media?parent=1400"}],"curies":[{"name":"wp","href":"https:\/\/api.w.org\/{rel}","templated":true}]}}