{"id":323,"date":"2016-01-09T11:42:25","date_gmt":"2016-01-09T11:42:25","guid":{"rendered":"https:\/\/code.efi.ohmportal.de\/blog\/?page_id=323"},"modified":"2022-10-05T06:22:30","modified_gmt":"2022-10-05T06:22:30","slug":"abschlussarbeiten","status":"publish","type":"page","link":"https:\/\/code.efi.ohmportal.de\/blog\/abschlussarbeiten\/","title":{"rendered":"Angebot von Projekt- und Abschlussarbeiten"},"content":{"rendered":"<p>Es werden laufend Projekt- und Abschlussarbeiten aus den Bereichen Web und Mobile angeboten. Neben den\u00a0 hier aufgelisteten Themen k\u00f6nnen individuelle Aufgabenstellungen gemeinsam erarbeitet werden.<\/p>\n<h2>Themenvorschl\u00e4ge f\u00fcr Projekt- und Abschlussarbeiten<\/h2>\n<ul>\n<li style=\"list-style-type: none;\">\n<ul>\n<li><a href=\"https:\/\/code.efi.ohmportal.de\/blog\/abschlussarbeiten\/webanwendung-fuer-das-themenmanagement-von-abschlussarbeiten\/\">Webentwicklung<\/a><br \/>\nVoraussetzung: Kenntnis oder Bereitschaft zum Erlernen von Python und Django. Interesse an Web-Technologie und GUI-Design<\/li>\n<li><a href=\"https:\/\/code.efi.ohmportal.de\/blog\/chatbot-entwicklung-mit-dialogflow\/\">Chatbot mit DialogFlow<\/a><br \/>\nVoraussetzung: Interesse an Conversational User Interfaces (CUIs). Kenntnis oder Bereitschaft zum Erlernen von Python.<\/li>\n<li><a href=\"https:\/\/code.efi.ohmportal.de\/blog\/abschlussarbeiten\/alexa-voice-user-interface\/\">Alexa Voice User Interface<\/a><a href=\"https:\/\/code.efi.ohmportal.de\/blog\/abschlussarbeiten\/kryptowaehrungen\/\"><br \/>\n<\/a>Voraussetzung: Kenntnis oder Bereitschaft zum Erlernen von Python. Interesse an Web-Technologie und REST-Schnittstellen<\/li>\n<li><a href=\"https:\/\/code.efi.ohmportal.de\/blog\/projektarbeit-robocup-soccer-simulation-league\/\">RoboCup Soccer Simulation League<br \/>\n<\/a>Voraussetzung: Kenntnis oder Bereitschaft zum Erlernen der Programmiersprache Java<\/li>\n<li><a href=\"https:\/\/code.efi.ohmportal.de\/blog\/abschlussarbeiten\/projektarbeit-offline-first\/\">Offline First<\/a><br \/>\nVoraussetzung: Kenntnis oder Bereitschaft zum Erlernen von JavaScript; Interesse an der Entwicklung von Web-Apps<\/li>\n<\/ul>\n<\/li>\n<\/ul>\n<p>Dar\u00fcber hinaus kann jeder innovative Ansatz einer Web- oder Mobil-L\u00f6sung Gegenstand einer Projekt- oder Abschlussarbeit werden &#8211; gerne auch in Kooperation mit einem externen Unternehmen. Die Vermittlung entsprechender Kontakte ist ebenfalls m\u00f6glich.<\/p>\n","protected":false},"excerpt":{"rendered":"<p>Es werden laufend Projekt- und Abschlussarbeiten aus den Bereichen Web und Mobile angeboten. Neben den\u00a0 hier aufgelisteten Themen k\u00f6nnen individuelle Aufgabenstellungen gemeinsam erarbeitet werden. Themenvorschl\u00e4ge f\u00fcr Projekt- und Abschlussarbeiten Webentwicklung Voraussetzung: Kenntnis oder Bereitschaft zum Erlernen von Python und Django. Interesse an Web-Technologie und GUI-Design Chatbot mit DialogFlow Voraussetzung: Interesse an Conversational User Interfaces (CUIs). &hellip; <a href=\"https:\/\/code.efi.ohmportal.de\/blog\/abschlussarbeiten\/\" class=\"more-link\"><span class=\"screen-reader-text\">Angebot von Projekt- und Abschlussarbeiten<\/span> weiterlesen<\/a><\/p>\n","protected":false},"author":1,"featured_media":0,"parent":0,"menu_order":0,"comment_status":"closed","ping_status":"closed","template":"","meta":{"jetpack_post_was_ever_published":false,"footnotes":""},"class_list":["post-323","page","type-page","status-publish","hentry"],"yoast_head":"<!-- This site is optimized with the Yoast SEO plugin v27.0 - https:\/\/yoast.com\/product\/yoast-seo-wordpress\/ -->\n<title>Angebot von Projekt- und Abschlussarbeiten - Code Comments<\/title>\n<meta name=\"robots\" content=\"index, follow, max-snippet:-1, max-image-preview:large, max-video-preview:-1\" \/>\n<link rel=\"canonical\" href=\"https:\/\/code.efi.ohmportal.de\/blog\/abschlussarbeiten\/\" \/>\n<meta property=\"og:locale\" content=\"de_DE\" \/>\n<meta property=\"og:type\" content=\"article\" \/>\n<meta property=\"og:title\" content=\"Angebot von Projekt- und Abschlussarbeiten - Code Comments\" \/>\n<meta property=\"og:description\" content=\"Es werden laufend Projekt- und Abschlussarbeiten aus den Bereichen Web und Mobile angeboten. Neben den\u00a0 hier aufgelisteten Themen k\u00f6nnen individuelle Aufgabenstellungen gemeinsam erarbeitet werden. Themenvorschl\u00e4ge f\u00fcr Projekt- und Abschlussarbeiten Webentwicklung Voraussetzung: Kenntnis oder Bereitschaft zum Erlernen von Python und Django. Interesse an Web-Technologie und GUI-Design Chatbot mit DialogFlow Voraussetzung: Interesse an Conversational User Interfaces (CUIs). &hellip; Angebot von Projekt- und Abschlussarbeiten weiterlesen\" \/>\n<meta property=\"og:url\" content=\"https:\/\/code.efi.ohmportal.de\/blog\/abschlussarbeiten\/\" \/>\n<meta property=\"og:site_name\" content=\"Code Comments\" \/>\n<meta property=\"article:modified_time\" content=\"2022-10-05T06:22:30+00:00\" \/>\n<meta name=\"twitter:label1\" content=\"Gesch\u00e4tzte Lesezeit\" \/>\n\t<meta name=\"twitter:data1\" content=\"1\u00a0Minute\" \/>\n<script type=\"application\/ld+json\" class=\"yoast-schema-graph\">{\"@context\":\"https:\/\/schema.org\",\"@graph\":[{\"@type\":\"WebPage\",\"@id\":\"https:\/\/code.efi.ohmportal.de\/blog\/abschlussarbeiten\/\",\"url\":\"https:\/\/code.efi.ohmportal.de\/blog\/abschlussarbeiten\/\",\"name\":\"Angebot von Projekt- und Abschlussarbeiten - Code Comments\",\"isPartOf\":{\"@id\":\"https:\/\/code.efi.ohmportal.de\/blog\/#website\"},\"datePublished\":\"2016-01-09T11:42:25+00:00\",\"dateModified\":\"2022-10-05T06:22:30+00:00\",\"inLanguage\":\"de\",\"potentialAction\":[{\"@type\":\"ReadAction\",\"target\":[\"https:\/\/code.efi.ohmportal.de\/blog\/abschlussarbeiten\/\"]}]},{\"@type\":\"WebSite\",\"@id\":\"https:\/\/code.efi.ohmportal.de\/blog\/#website\",\"url\":\"https:\/\/code.efi.ohmportal.de\/blog\/\",\"name\":\"Code Comments\",\"description\":\"\",\"potentialAction\":[{\"@type\":\"SearchAction\",\"target\":{\"@type\":\"EntryPoint\",\"urlTemplate\":\"https:\/\/code.efi.ohmportal.de\/blog\/?s={search_term_string}\"},\"query-input\":{\"@type\":\"PropertyValueSpecification\",\"valueRequired\":true,\"valueName\":\"search_term_string\"}}],\"inLanguage\":\"de\"}]}<\/script>\n<!-- \/ Yoast SEO plugin. -->","yoast_head_json":{"title":"Angebot von Projekt- und Abschlussarbeiten - Code Comments","robots":{"index":"index","follow":"follow","max-snippet":"max-snippet:-1","max-image-preview":"max-image-preview:large","max-video-preview":"max-video-preview:-1"},"canonical":"https:\/\/code.efi.ohmportal.de\/blog\/abschlussarbeiten\/","og_locale":"de_DE","og_type":"article","og_title":"Angebot von Projekt- und Abschlussarbeiten - Code Comments","og_description":"Es werden laufend Projekt- und Abschlussarbeiten aus den Bereichen Web und Mobile angeboten. Neben den\u00a0 hier aufgelisteten Themen k\u00f6nnen individuelle Aufgabenstellungen gemeinsam erarbeitet werden. Themenvorschl\u00e4ge f\u00fcr Projekt- und Abschlussarbeiten Webentwicklung Voraussetzung: Kenntnis oder Bereitschaft zum Erlernen von Python und Django. Interesse an Web-Technologie und GUI-Design Chatbot mit DialogFlow Voraussetzung: Interesse an Conversational User Interfaces (CUIs). &hellip; Angebot von Projekt- und Abschlussarbeiten weiterlesen","og_url":"https:\/\/code.efi.ohmportal.de\/blog\/abschlussarbeiten\/","og_site_name":"Code Comments","article_modified_time":"2022-10-05T06:22:30+00:00","twitter_misc":{"Gesch\u00e4tzte Lesezeit":"1\u00a0Minute"},"schema":{"@context":"https:\/\/schema.org","@graph":[{"@type":"WebPage","@id":"https:\/\/code.efi.ohmportal.de\/blog\/abschlussarbeiten\/","url":"https:\/\/code.efi.ohmportal.de\/blog\/abschlussarbeiten\/","name":"Angebot von Projekt- und Abschlussarbeiten - Code Comments","isPartOf":{"@id":"https:\/\/code.efi.ohmportal.de\/blog\/#website"},"datePublished":"2016-01-09T11:42:25+00:00","dateModified":"2022-10-05T06:22:30+00:00","inLanguage":"de","potentialAction":[{"@type":"ReadAction","target":["https:\/\/code.efi.ohmportal.de\/blog\/abschlussarbeiten\/"]}]},{"@type":"WebSite","@id":"https:\/\/code.efi.ohmportal.de\/blog\/#website","url":"https:\/\/code.efi.ohmportal.de\/blog\/","name":"Code Comments","description":"","potentialAction":[{"@type":"SearchAction","target":{"@type":"EntryPoint","urlTemplate":"https:\/\/code.efi.ohmportal.de\/blog\/?s={search_term_string}"},"query-input":{"@type":"PropertyValueSpecification","valueRequired":true,"valueName":"search_term_string"}}],"inLanguage":"de"}]}},"jetpack_shortlink":"https:\/\/wp.me\/P8QwJV-5d","jetpack_sharing_enabled":true,"_links":{"self":[{"href":"https:\/\/code.efi.ohmportal.de\/blog\/wp-json\/wp\/v2\/pages\/323","targetHints":{"allow":["GET"]}}],"collection":[{"href":"https:\/\/code.efi.ohmportal.de\/blog\/wp-json\/wp\/v2\/pages"}],"about":[{"href":"https:\/\/code.efi.ohmportal.de\/blog\/wp-json\/wp\/v2\/types\/page"}],"author":[{"embeddable":true,"href":"https:\/\/code.efi.ohmportal.de\/blog\/wp-json\/wp\/v2\/users\/1"}],"replies":[{"embeddable":true,"href":"https:\/\/code.efi.ohmportal.de\/blog\/wp-json\/wp\/v2\/comments?post=323"}],"version-history":[{"count":19,"href":"https:\/\/code.efi.ohmportal.de\/blog\/wp-json\/wp\/v2\/pages\/323\/revisions"}],"predecessor-version":[{"id":1374,"href":"https:\/\/code.efi.ohmportal.de\/blog\/wp-json\/wp\/v2\/pages\/323\/revisions\/1374"}],"wp:attachment":[{"href":"https:\/\/code.efi.ohmportal.de\/blog\/wp-json\/wp\/v2\/media?parent=323"}],"curies":[{"name":"wp","href":"https:\/\/api.w.org\/{rel}","templated":true}]}}