{"id":449,"date":"2017-06-16T13:05:32","date_gmt":"2017-06-16T13:05:32","guid":{"rendered":"https:\/\/code.efi.ohmportal.de\/blog\/?page_id=449"},"modified":"2017-06-16T13:05:32","modified_gmt":"2017-06-16T13:05:32","slug":"kryptowaehrungen","status":"publish","type":"page","link":"https:\/\/code.efi.ohmportal.de\/blog\/abschlussarbeiten\/kryptowaehrungen\/","title":{"rendered":"Kryptow\u00e4hrungen"},"content":{"rendered":"<h2>Worum geht es?<\/h2>\n<p>Das <a href=\"https:\/\/youtu.be\/A1Vbrxkqjwc\">Blockchain<\/a>-Verfahren ist Basis digitaler Kryptow\u00e4hrungen wie z.B.\u00a0 <a href=\"https:\/\/bitcoin.org\/de\/\">Bitcoin<\/a> oder\u00a0<a href=\"https:\/\/www.ethereum.org\/\">Ethereum<\/a>. Transaktionen in diesen W\u00e4hrungen werden ohne Unterst\u00fctzung klassischer Banken durchgef\u00fchrt. Die Konten und Buchungen werden stattdessen in einem weltweiten Netz von Computern verwaltet.<\/p>\n<p>Alle paar Sekunden wird ein neuer Stand dieser weltweit verf\u00fcgbaren Information generiert und verteilt. Darin zus\u00e4tzlich enthalten sind alle neu hinzugekommenen Buchungen. Durch aufw\u00e4ndige Signaturmechanismen und Abgleichsalgorithmen ist sichergestellt, dass dieser neue Datensatz weltweit akzeptiert wird.<\/p>\n<p>In dieses weltweite Netz kann jeder Computer eingebunden werden und bei der Berechnung der neuen Datens\u00e4tze helfen. Diese Mitarbeit (auch &#8222;Mining&#8220; genannt) wird &#8211; abh\u00e4ngig von der eingebrachten Rechenleistung &#8211; mit einigen &#8222;Kryptom\u00fcnzen&#8220; entlohnt.<\/p>\n<p>Gut geeignet f\u00fcr solche Mining-T\u00e4tigkeiten sind leistungsf\u00e4hige Grafikkarten, wie sie z.B. in VR-PC verbaut sind. Im Rahmen der Arbeit soll das grunds\u00e4tzliche Vorgehen beim Mining untersucht und verf\u00fcgbare Software evaluiert werden.<\/p>\n<h2><strong>Learning Outcomes<\/strong><\/h2>\n<p>Sie erarbeiten sich ein grundlegendes Verst\u00e4ndnis f\u00fcr den Blockchain-Ansatz, der neben den erw\u00e4hnten Kryptow\u00e4hrungen auch in vielen anderen Einsatzszenarien diskutiert wird. Sie erkennen, warum klassische Verfahren f\u00fcr eine konsistente Datenhaltung (z.B. zentrale Datenbank) bei komplexen Netzwerken nur bedingt geeignet sind (<a href=\"http:\/\/www.goland.org\/blockchain_and_cap\/\">CAP-Theorem<\/a>).<\/p>\n<p>Au\u00dferdem erhalten Sie Einblick in die Chancen und Risiken von Kryptow\u00e4hrungen. Abschlie\u00dfend untersuchen Sie die Wirtschaftlichkeit von Mining-Aktivit\u00e4ten.<\/p>\n<h2>Kontakt<\/h2>\n<p>Bitte wenden Sie sich bei Interesse an:<\/p>\n<p><a href=\"http:\/\/www.dokoliho.de\">Prof. Dr. Oliver Hofmann<\/a><\/p>\n","protected":false},"excerpt":{"rendered":"<p>Worum geht es? Das Blockchain-Verfahren ist Basis digitaler Kryptow\u00e4hrungen wie z.B.\u00a0 Bitcoin oder\u00a0Ethereum. Transaktionen in diesen W\u00e4hrungen werden ohne Unterst\u00fctzung klassischer Banken durchgef\u00fchrt. Die Konten und Buchungen werden stattdessen in einem weltweiten Netz von Computern verwaltet. Alle paar Sekunden wird ein neuer Stand dieser weltweit verf\u00fcgbaren Information generiert und verteilt. Darin zus\u00e4tzlich enthalten sind alle &hellip; <a href=\"https:\/\/code.efi.ohmportal.de\/blog\/abschlussarbeiten\/kryptowaehrungen\/\" class=\"more-link\"><span class=\"screen-reader-text\">Kryptow\u00e4hrungen<\/span> weiterlesen<\/a><\/p>\n","protected":false},"author":1,"featured_media":0,"parent":323,"menu_order":0,"comment_status":"closed","ping_status":"closed","template":"","meta":{"jetpack_post_was_ever_published":false,"footnotes":""},"class_list":["post-449","page","type-page","status-publish","hentry"],"yoast_head":"<!-- This site is optimized with the Yoast SEO plugin v27.0 - https:\/\/yoast.com\/product\/yoast-seo-wordpress\/ -->\n<title>Kryptow\u00e4hrungen - Code Comments<\/title>\n<meta name=\"description\" content=\"Blockchain-Mining bei Kryptow\u00e4hrungen mit Hilfe von Grafikarten\" \/>\n<meta name=\"robots\" content=\"index, follow, max-snippet:-1, max-image-preview:large, max-video-preview:-1\" \/>\n<link rel=\"canonical\" href=\"https:\/\/code.efi.ohmportal.de\/blog\/abschlussarbeiten\/kryptowaehrungen\/\" \/>\n<meta property=\"og:locale\" content=\"de_DE\" \/>\n<meta property=\"og:type\" content=\"article\" \/>\n<meta property=\"og:title\" content=\"Kryptow\u00e4hrungen - Code Comments\" \/>\n<meta property=\"og:description\" content=\"Blockchain-Mining bei Kryptow\u00e4hrungen mit Hilfe von Grafikarten\" \/>\n<meta property=\"og:url\" content=\"https:\/\/code.efi.ohmportal.de\/blog\/abschlussarbeiten\/kryptowaehrungen\/\" \/>\n<meta property=\"og:site_name\" content=\"Code Comments\" \/>\n<meta name=\"twitter:label1\" content=\"Gesch\u00e4tzte Lesezeit\" \/>\n\t<meta name=\"twitter:data1\" content=\"1\u00a0Minute\" \/>\n<script type=\"application\/ld+json\" class=\"yoast-schema-graph\">{\"@context\":\"https:\/\/schema.org\",\"@graph\":[{\"@type\":\"WebPage\",\"@id\":\"https:\/\/code.efi.ohmportal.de\/blog\/abschlussarbeiten\/kryptowaehrungen\/\",\"url\":\"https:\/\/code.efi.ohmportal.de\/blog\/abschlussarbeiten\/kryptowaehrungen\/\",\"name\":\"Kryptow\u00e4hrungen - Code Comments\",\"isPartOf\":{\"@id\":\"https:\/\/code.efi.ohmportal.de\/blog\/#website\"},\"datePublished\":\"2017-06-16T13:05:32+00:00\",\"description\":\"Blockchain-Mining bei Kryptow\u00e4hrungen mit Hilfe von Grafikarten\",\"breadcrumb\":{\"@id\":\"https:\/\/code.efi.ohmportal.de\/blog\/abschlussarbeiten\/kryptowaehrungen\/#breadcrumb\"},\"inLanguage\":\"de\",\"potentialAction\":[{\"@type\":\"ReadAction\",\"target\":[\"https:\/\/code.efi.ohmportal.de\/blog\/abschlussarbeiten\/kryptowaehrungen\/\"]}]},{\"@type\":\"BreadcrumbList\",\"@id\":\"https:\/\/code.efi.ohmportal.de\/blog\/abschlussarbeiten\/kryptowaehrungen\/#breadcrumb\",\"itemListElement\":[{\"@type\":\"ListItem\",\"position\":1,\"name\":\"Angebot von Projekt- und Abschlussarbeiten\",\"item\":\"https:\/\/code.efi.ohmportal.de\/blog\/abschlussarbeiten\/\"},{\"@type\":\"ListItem\",\"position\":2,\"name\":\"Kryptow\u00e4hrungen\"}]},{\"@type\":\"WebSite\",\"@id\":\"https:\/\/code.efi.ohmportal.de\/blog\/#website\",\"url\":\"https:\/\/code.efi.ohmportal.de\/blog\/\",\"name\":\"Code Comments\",\"description\":\"\",\"potentialAction\":[{\"@type\":\"SearchAction\",\"target\":{\"@type\":\"EntryPoint\",\"urlTemplate\":\"https:\/\/code.efi.ohmportal.de\/blog\/?s={search_term_string}\"},\"query-input\":{\"@type\":\"PropertyValueSpecification\",\"valueRequired\":true,\"valueName\":\"search_term_string\"}}],\"inLanguage\":\"de\"}]}<\/script>\n<!-- \/ Yoast SEO plugin. -->","yoast_head_json":{"title":"Kryptow\u00e4hrungen - Code Comments","description":"Blockchain-Mining bei Kryptow\u00e4hrungen mit Hilfe von Grafikarten","robots":{"index":"index","follow":"follow","max-snippet":"max-snippet:-1","max-image-preview":"max-image-preview:large","max-video-preview":"max-video-preview:-1"},"canonical":"https:\/\/code.efi.ohmportal.de\/blog\/abschlussarbeiten\/kryptowaehrungen\/","og_locale":"de_DE","og_type":"article","og_title":"Kryptow\u00e4hrungen - Code Comments","og_description":"Blockchain-Mining bei Kryptow\u00e4hrungen mit Hilfe von Grafikarten","og_url":"https:\/\/code.efi.ohmportal.de\/blog\/abschlussarbeiten\/kryptowaehrungen\/","og_site_name":"Code Comments","twitter_misc":{"Gesch\u00e4tzte Lesezeit":"1\u00a0Minute"},"schema":{"@context":"https:\/\/schema.org","@graph":[{"@type":"WebPage","@id":"https:\/\/code.efi.ohmportal.de\/blog\/abschlussarbeiten\/kryptowaehrungen\/","url":"https:\/\/code.efi.ohmportal.de\/blog\/abschlussarbeiten\/kryptowaehrungen\/","name":"Kryptow\u00e4hrungen - Code Comments","isPartOf":{"@id":"https:\/\/code.efi.ohmportal.de\/blog\/#website"},"datePublished":"2017-06-16T13:05:32+00:00","description":"Blockchain-Mining bei Kryptow\u00e4hrungen mit Hilfe von Grafikarten","breadcrumb":{"@id":"https:\/\/code.efi.ohmportal.de\/blog\/abschlussarbeiten\/kryptowaehrungen\/#breadcrumb"},"inLanguage":"de","potentialAction":[{"@type":"ReadAction","target":["https:\/\/code.efi.ohmportal.de\/blog\/abschlussarbeiten\/kryptowaehrungen\/"]}]},{"@type":"BreadcrumbList","@id":"https:\/\/code.efi.ohmportal.de\/blog\/abschlussarbeiten\/kryptowaehrungen\/#breadcrumb","itemListElement":[{"@type":"ListItem","position":1,"name":"Angebot von Projekt- und Abschlussarbeiten","item":"https:\/\/code.efi.ohmportal.de\/blog\/abschlussarbeiten\/"},{"@type":"ListItem","position":2,"name":"Kryptow\u00e4hrungen"}]},{"@type":"WebSite","@id":"https:\/\/code.efi.ohmportal.de\/blog\/#website","url":"https:\/\/code.efi.ohmportal.de\/blog\/","name":"Code Comments","description":"","potentialAction":[{"@type":"SearchAction","target":{"@type":"EntryPoint","urlTemplate":"https:\/\/code.efi.ohmportal.de\/blog\/?s={search_term_string}"},"query-input":{"@type":"PropertyValueSpecification","valueRequired":true,"valueName":"search_term_string"}}],"inLanguage":"de"}]}},"jetpack_shortlink":"https:\/\/wp.me\/P8QwJV-7f","jetpack_sharing_enabled":true,"_links":{"self":[{"href":"https:\/\/code.efi.ohmportal.de\/blog\/wp-json\/wp\/v2\/pages\/449","targetHints":{"allow":["GET"]}}],"collection":[{"href":"https:\/\/code.efi.ohmportal.de\/blog\/wp-json\/wp\/v2\/pages"}],"about":[{"href":"https:\/\/code.efi.ohmportal.de\/blog\/wp-json\/wp\/v2\/types\/page"}],"author":[{"embeddable":true,"href":"https:\/\/code.efi.ohmportal.de\/blog\/wp-json\/wp\/v2\/users\/1"}],"replies":[{"embeddable":true,"href":"https:\/\/code.efi.ohmportal.de\/blog\/wp-json\/wp\/v2\/comments?post=449"}],"version-history":[{"count":6,"href":"https:\/\/code.efi.ohmportal.de\/blog\/wp-json\/wp\/v2\/pages\/449\/revisions"}],"predecessor-version":[{"id":463,"href":"https:\/\/code.efi.ohmportal.de\/blog\/wp-json\/wp\/v2\/pages\/449\/revisions\/463"}],"up":[{"embeddable":true,"href":"https:\/\/code.efi.ohmportal.de\/blog\/wp-json\/wp\/v2\/pages\/323"}],"wp:attachment":[{"href":"https:\/\/code.efi.ohmportal.de\/blog\/wp-json\/wp\/v2\/media?parent=449"}],"curies":[{"name":"wp","href":"https:\/\/api.w.org\/{rel}","templated":true}]}}