{"id":542,"date":"2018-01-08T09:26:08","date_gmt":"2018-01-08T09:26:08","guid":{"rendered":"https:\/\/code.efi.ohmportal.de\/blog\/?page_id=542"},"modified":"2025-05-29T19:51:21","modified_gmt":"2025-05-29T19:51:21","slug":"alexa-voice-user-interface","status":"publish","type":"page","link":"https:\/\/code.efi.ohmportal.de\/blog\/abschlussarbeiten\/alexa-voice-user-interface\/","title":{"rendered":"Alexa &#8211; Voice User Interface"},"content":{"rendered":"<h2>Worum geht es?<\/h2>\n<p>Die Steuerung von Software mithilfe eines <a href=\"https:\/\/medium.com\/microsoft-design\/voice-user-interface-design-new-solutions-to-old-problems-baa36a64b3e4\">Voice User Interface<\/a> (VUI, Spracheingaben und -ausgaben) erlebt mit Siri, Alexa, Cortana etc. einen rasanten Zuwachs. Diese VUI-Systeme bieten neben der Hardware einen Dienst an, der die Spracheingaben in Text \u00fcberf\u00fchrt (Automatic Speech Recognition, ASR) und auszugebende Texte in Sprache wandelt (Text To Speech, TTS).<\/p>\n<p>F\u00fcr die Entwicklung einer sprachgesteuerten Anwendung ist eine Dialoglogik zu erg\u00e4nzen, die aus den eingesprochenen Anweisungen und dem internen Zustand der Applikation eine Antwort generiert. Diese Logik wird als <a href=\"https:\/\/t3n.de\/magazin\/rest-web-services-einfuhrung-219976\/\">REST-basierter Webservice<\/a> an das jeweilige VUI-System angebunden.<\/p>\n<p>Sie entwickeln auf Basis von <a href=\"https:\/\/www.computerwoche.de\/a\/alexa-wir-muessen-reden,3329793\">Amazon Alexa<\/a> eine VUI-Anwendung, die ein klassisches Text-Adventure in eine durch Sprachbefehle steuerbare Applikation verwandelt.<\/p>\n<h2><strong>Learning Outcomes<\/strong><\/h2>\n<p>Sie eignen sich im Rahmen der Projekt- bzw. Abschlussarbeit detailierte Kenntnisse \u00fcber VUI-Systeme an. Im Amazon-Alexa-\u00d6kosystem erlernen Sie die Implementierung einer VUI-Anwendung.<\/p>\n<p>Zugleich \u00fcben Sie die Erstellung und Nutzung moderner Web-Schnittstellen nach dem REST-Pradigma. Hilfreich hierf\u00fcr ist die Kenntnis der Skriptsprache Python bzw. die Bereitschaft, sich in diese Sprache einzuarbeiten.<\/p>\n<h2>Kontakt<\/h2>\n<p>Bitte wenden Sie sich bei Interesse an:<\/p>\n<p><a href=\"http:\/\/www.dokoliho.de\">Prof. Dr. Oliver Hofmann<\/a><\/p>\n","protected":false},"excerpt":{"rendered":"<p>Worum geht es? Die Steuerung von Software mithilfe eines Voice User Interface (VUI, Spracheingaben und -ausgaben) erlebt mit Siri, Alexa, Cortana etc. einen rasanten Zuwachs. Diese VUI-Systeme bieten neben der Hardware einen Dienst an, der die Spracheingaben in Text \u00fcberf\u00fchrt (Automatic Speech Recognition, ASR) und auszugebende Texte in Sprache wandelt (Text To Speech, TTS). F\u00fcr &hellip; <a href=\"https:\/\/code.efi.ohmportal.de\/blog\/abschlussarbeiten\/alexa-voice-user-interface\/\" class=\"more-link\"><span class=\"screen-reader-text\">Alexa &#8211; Voice User Interface<\/span> weiterlesen<\/a><\/p>\n","protected":false},"author":1,"featured_media":0,"parent":323,"menu_order":0,"comment_status":"closed","ping_status":"closed","template":"","meta":{"jetpack_post_was_ever_published":false,"footnotes":""},"class_list":["post-542","page","type-page","status-publish","hentry"],"yoast_head":"<!-- This site is optimized with the Yoast SEO plugin v27.0 - https:\/\/yoast.com\/product\/yoast-seo-wordpress\/ -->\n<title>Alexa - Voice User Interface - Code Comments<\/title>\n<meta name=\"description\" content=\"Projekt zur Entwicklung einer Voice User Interface Applikation mithilfe von Amazon Alexa\" \/>\n<meta name=\"robots\" content=\"index, follow, max-snippet:-1, max-image-preview:large, max-video-preview:-1\" \/>\n<link rel=\"canonical\" href=\"https:\/\/code.efi.ohmportal.de\/blog\/abschlussarbeiten\/alexa-voice-user-interface\/\" \/>\n<meta property=\"og:locale\" content=\"de_DE\" \/>\n<meta property=\"og:type\" content=\"article\" \/>\n<meta property=\"og:title\" content=\"Alexa - Voice User Interface - Code Comments\" \/>\n<meta property=\"og:description\" content=\"Projekt zur Entwicklung einer Voice User Interface Applikation mithilfe von Amazon Alexa\" \/>\n<meta property=\"og:url\" content=\"https:\/\/code.efi.ohmportal.de\/blog\/abschlussarbeiten\/alexa-voice-user-interface\/\" \/>\n<meta property=\"og:site_name\" content=\"Code Comments\" \/>\n<meta property=\"article:modified_time\" content=\"2025-05-29T19:51:21+00:00\" \/>\n<meta name=\"twitter:label1\" content=\"Gesch\u00e4tzte Lesezeit\" \/>\n\t<meta name=\"twitter:data1\" content=\"1\u00a0Minute\" \/>\n<script type=\"application\/ld+json\" class=\"yoast-schema-graph\">{\"@context\":\"https:\/\/schema.org\",\"@graph\":[{\"@type\":\"WebPage\",\"@id\":\"https:\/\/code.efi.ohmportal.de\/blog\/abschlussarbeiten\/alexa-voice-user-interface\/\",\"url\":\"https:\/\/code.efi.ohmportal.de\/blog\/abschlussarbeiten\/alexa-voice-user-interface\/\",\"name\":\"Alexa - Voice User Interface - Code Comments\",\"isPartOf\":{\"@id\":\"https:\/\/code.efi.ohmportal.de\/blog\/#website\"},\"datePublished\":\"2018-01-08T09:26:08+00:00\",\"dateModified\":\"2025-05-29T19:51:21+00:00\",\"description\":\"Projekt zur Entwicklung einer Voice User Interface Applikation mithilfe von Amazon Alexa\",\"breadcrumb\":{\"@id\":\"https:\/\/code.efi.ohmportal.de\/blog\/abschlussarbeiten\/alexa-voice-user-interface\/#breadcrumb\"},\"inLanguage\":\"de\",\"potentialAction\":[{\"@type\":\"ReadAction\",\"target\":[\"https:\/\/code.efi.ohmportal.de\/blog\/abschlussarbeiten\/alexa-voice-user-interface\/\"]}]},{\"@type\":\"BreadcrumbList\",\"@id\":\"https:\/\/code.efi.ohmportal.de\/blog\/abschlussarbeiten\/alexa-voice-user-interface\/#breadcrumb\",\"itemListElement\":[{\"@type\":\"ListItem\",\"position\":1,\"name\":\"Angebot von Projekt- und Abschlussarbeiten\",\"item\":\"https:\/\/code.efi.ohmportal.de\/blog\/abschlussarbeiten\/\"},{\"@type\":\"ListItem\",\"position\":2,\"name\":\"Alexa &#8211; Voice User Interface\"}]},{\"@type\":\"WebSite\",\"@id\":\"https:\/\/code.efi.ohmportal.de\/blog\/#website\",\"url\":\"https:\/\/code.efi.ohmportal.de\/blog\/\",\"name\":\"Code Comments\",\"description\":\"\",\"potentialAction\":[{\"@type\":\"SearchAction\",\"target\":{\"@type\":\"EntryPoint\",\"urlTemplate\":\"https:\/\/code.efi.ohmportal.de\/blog\/?s={search_term_string}\"},\"query-input\":{\"@type\":\"PropertyValueSpecification\",\"valueRequired\":true,\"valueName\":\"search_term_string\"}}],\"inLanguage\":\"de\"}]}<\/script>\n<!-- \/ Yoast SEO plugin. -->","yoast_head_json":{"title":"Alexa - Voice User Interface - Code Comments","description":"Projekt zur Entwicklung einer Voice User Interface Applikation mithilfe von Amazon Alexa","robots":{"index":"index","follow":"follow","max-snippet":"max-snippet:-1","max-image-preview":"max-image-preview:large","max-video-preview":"max-video-preview:-1"},"canonical":"https:\/\/code.efi.ohmportal.de\/blog\/abschlussarbeiten\/alexa-voice-user-interface\/","og_locale":"de_DE","og_type":"article","og_title":"Alexa - Voice User Interface - Code Comments","og_description":"Projekt zur Entwicklung einer Voice User Interface Applikation mithilfe von Amazon Alexa","og_url":"https:\/\/code.efi.ohmportal.de\/blog\/abschlussarbeiten\/alexa-voice-user-interface\/","og_site_name":"Code Comments","article_modified_time":"2025-05-29T19:51:21+00:00","twitter_misc":{"Gesch\u00e4tzte Lesezeit":"1\u00a0Minute"},"schema":{"@context":"https:\/\/schema.org","@graph":[{"@type":"WebPage","@id":"https:\/\/code.efi.ohmportal.de\/blog\/abschlussarbeiten\/alexa-voice-user-interface\/","url":"https:\/\/code.efi.ohmportal.de\/blog\/abschlussarbeiten\/alexa-voice-user-interface\/","name":"Alexa - Voice User Interface - Code Comments","isPartOf":{"@id":"https:\/\/code.efi.ohmportal.de\/blog\/#website"},"datePublished":"2018-01-08T09:26:08+00:00","dateModified":"2025-05-29T19:51:21+00:00","description":"Projekt zur Entwicklung einer Voice User Interface Applikation mithilfe von Amazon Alexa","breadcrumb":{"@id":"https:\/\/code.efi.ohmportal.de\/blog\/abschlussarbeiten\/alexa-voice-user-interface\/#breadcrumb"},"inLanguage":"de","potentialAction":[{"@type":"ReadAction","target":["https:\/\/code.efi.ohmportal.de\/blog\/abschlussarbeiten\/alexa-voice-user-interface\/"]}]},{"@type":"BreadcrumbList","@id":"https:\/\/code.efi.ohmportal.de\/blog\/abschlussarbeiten\/alexa-voice-user-interface\/#breadcrumb","itemListElement":[{"@type":"ListItem","position":1,"name":"Angebot von Projekt- und Abschlussarbeiten","item":"https:\/\/code.efi.ohmportal.de\/blog\/abschlussarbeiten\/"},{"@type":"ListItem","position":2,"name":"Alexa &#8211; Voice User Interface"}]},{"@type":"WebSite","@id":"https:\/\/code.efi.ohmportal.de\/blog\/#website","url":"https:\/\/code.efi.ohmportal.de\/blog\/","name":"Code Comments","description":"","potentialAction":[{"@type":"SearchAction","target":{"@type":"EntryPoint","urlTemplate":"https:\/\/code.efi.ohmportal.de\/blog\/?s={search_term_string}"},"query-input":{"@type":"PropertyValueSpecification","valueRequired":true,"valueName":"search_term_string"}}],"inLanguage":"de"}]}},"jetpack_shortlink":"https:\/\/wp.me\/P8QwJV-8K","jetpack_sharing_enabled":true,"_links":{"self":[{"href":"https:\/\/code.efi.ohmportal.de\/blog\/wp-json\/wp\/v2\/pages\/542","targetHints":{"allow":["GET"]}}],"collection":[{"href":"https:\/\/code.efi.ohmportal.de\/blog\/wp-json\/wp\/v2\/pages"}],"about":[{"href":"https:\/\/code.efi.ohmportal.de\/blog\/wp-json\/wp\/v2\/types\/page"}],"author":[{"embeddable":true,"href":"https:\/\/code.efi.ohmportal.de\/blog\/wp-json\/wp\/v2\/users\/1"}],"replies":[{"embeddable":true,"href":"https:\/\/code.efi.ohmportal.de\/blog\/wp-json\/wp\/v2\/comments?post=542"}],"version-history":[{"count":6,"href":"https:\/\/code.efi.ohmportal.de\/blog\/wp-json\/wp\/v2\/pages\/542\/revisions"}],"predecessor-version":[{"id":552,"href":"https:\/\/code.efi.ohmportal.de\/blog\/wp-json\/wp\/v2\/pages\/542\/revisions\/552"}],"up":[{"embeddable":true,"href":"https:\/\/code.efi.ohmportal.de\/blog\/wp-json\/wp\/v2\/pages\/323"}],"wp:attachment":[{"href":"https:\/\/code.efi.ohmportal.de\/blog\/wp-json\/wp\/v2\/media?parent=542"}],"curies":[{"name":"wp","href":"https:\/\/api.w.org\/{rel}","templated":true}]}}