{"id":599,"date":"2018-07-16T13:15:26","date_gmt":"2018-07-16T13:15:26","guid":{"rendered":"https:\/\/code.efi.ohmportal.de\/blog\/?page_id=599"},"modified":"2018-07-16T13:15:26","modified_gmt":"2018-07-16T13:15:26","slug":"webanwendung-fuer-das-themenmanagement-von-abschlussarbeiten","status":"publish","type":"page","link":"https:\/\/code.efi.ohmportal.de\/blog\/abschlussarbeiten\/webanwendung-fuer-das-themenmanagement-von-abschlussarbeiten\/","title":{"rendered":"Webanwendung f\u00fcr das Themenmanagement von Abschlussarbeiten"},"content":{"rendered":"<h2>Worum geht es?<\/h2>\n<p>Studierende der Fakult\u00e4t EFI m\u00fcssen je nach Studiengang Projekt- und Abschlussarbeiten anfertigen, die von einem Professor der Fakult\u00e4t betreut werden. Das Zusammenf\u00fchren von Interessierten und Professor soll durch eine Webanwendung unterst\u00fctzt werden.<\/p>\n<p>Dazu soll ein Workflow abgebildet werden, der nach der Anlage des Themas durch den Dozenten die Freigabe f\u00fcr ein Semester, das Eintragen von Interessenten, die Vergabe des Themas (inkl. Termin) und den Abschluss mit Upload der Projektergebnisse umfasst.<a href=\"https:\/\/code.efi.ohmportal.de\/blog\/abschlussarbeiten\/webanwendung-fuer-das-themenmanagement-von-abschlussarbeiten\/django\/\" rel=\"attachment wp-att-602\"><img loading=\"lazy\" decoding=\"async\" class=\" wp-image-602 alignright\" src=\"https:\/\/code.efi.ohmportal.de\/blog\/wp-content\/uploads\/2018\/07\/django.png\" alt=\"\" width=\"180\" height=\"180\" srcset=\"https:\/\/code.efi.ohmportal.de\/blog\/wp-content\/uploads\/2018\/07\/django.png 300w, https:\/\/code.efi.ohmportal.de\/blog\/wp-content\/uploads\/2018\/07\/django-150x150.png 150w\" sizes=\"auto, (max-width: 180px) 100vw, 180px\" \/><\/a><\/p>\n<p>Als Entwicklungsumgebung f\u00fcr das Backend soll Python bzw. das Python-Framework <a href=\"https:\/\/tutorial.djangogirls.org\/en\/\">Django<\/a> verwendet werden. Die Datenablage erfolgt ein einer MySQL-Datenbank. Dabei kann auf eine vorhandene Rumpfapplikation aufgesetzt werden, die z.B. schon die Authentifizierung der Nutzer \u00fcbernimmt.<\/p>\n<h2><strong>Learning Outcomes<\/strong><\/h2>\n<p>Die Projektarbeit\/Abschlussarbeit bietet Ihnen die M\u00f6glichkeit, eine reale Anforderung mit aktuellen Werkzeugen in einer Webanwendung zu \u00fcberf\u00fchren. Sie erlernen\/vertiefen die Programmiersprache Python und erkennen die M\u00f6glichkeiten bzw. Einschr\u00e4nkungen einer Webanwendung.<\/p>\n<h2>Kontakt<\/h2>\n<p>Bitte wenden Sie sich bei Interesse an:<\/p>\n<p><a href=\"http:\/\/www.dokoliho.de\">Prof. Dr. Oliver Hofmann<\/a><\/p>\n","protected":false},"excerpt":{"rendered":"<p>Worum geht es? Studierende der Fakult\u00e4t EFI m\u00fcssen je nach Studiengang Projekt- und Abschlussarbeiten anfertigen, die von einem Professor der Fakult\u00e4t betreut werden. Das Zusammenf\u00fchren von Interessierten und Professor soll durch eine Webanwendung unterst\u00fctzt werden. Dazu soll ein Workflow abgebildet werden, der nach der Anlage des Themas durch den Dozenten die Freigabe f\u00fcr ein Semester, &hellip; <a href=\"https:\/\/code.efi.ohmportal.de\/blog\/abschlussarbeiten\/webanwendung-fuer-das-themenmanagement-von-abschlussarbeiten\/\" class=\"more-link\"><span class=\"screen-reader-text\">Webanwendung f\u00fcr das Themenmanagement von Abschlussarbeiten<\/span> weiterlesen<\/a><\/p>\n","protected":false},"author":1,"featured_media":0,"parent":323,"menu_order":0,"comment_status":"closed","ping_status":"closed","template":"","meta":{"jetpack_post_was_ever_published":false,"footnotes":""},"class_list":["post-599","page","type-page","status-publish","hentry"],"yoast_head":"<!-- This site is optimized with the Yoast SEO plugin v27.0 - https:\/\/yoast.com\/product\/yoast-seo-wordpress\/ -->\n<title>Webanwendung f\u00fcr das Themenmanagement von Abschlussarbeiten - Code Comments<\/title>\n<meta name=\"description\" content=\"Projekt- oder Abschlussarbeit zur Entwicklung einer Webanwendung, die den Workflow bei der Generierung, Vergabe und Bewertung von Projekt- und Abschlussarbeiten unterst\u00fctzt.\" \/>\n<meta name=\"robots\" content=\"index, follow, max-snippet:-1, max-image-preview:large, max-video-preview:-1\" \/>\n<link rel=\"canonical\" href=\"https:\/\/code.efi.ohmportal.de\/blog\/abschlussarbeiten\/webanwendung-fuer-das-themenmanagement-von-abschlussarbeiten\/\" \/>\n<meta property=\"og:locale\" content=\"de_DE\" \/>\n<meta property=\"og:type\" content=\"article\" \/>\n<meta property=\"og:title\" content=\"Webanwendung f\u00fcr das Themenmanagement von Abschlussarbeiten - Code Comments\" \/>\n<meta property=\"og:description\" content=\"Projekt- oder Abschlussarbeit zur Entwicklung einer Webanwendung, die den Workflow bei der Generierung, Vergabe und Bewertung von Projekt- und Abschlussarbeiten unterst\u00fctzt.\" \/>\n<meta property=\"og:url\" content=\"https:\/\/code.efi.ohmportal.de\/blog\/abschlussarbeiten\/webanwendung-fuer-das-themenmanagement-von-abschlussarbeiten\/\" \/>\n<meta property=\"og:site_name\" content=\"Code Comments\" \/>\n<meta property=\"og:image\" content=\"https:\/\/code.efi.ohmportal.de\/blog\/wp-content\/uploads\/2018\/07\/django.png\" \/>\n<meta name=\"twitter:label1\" content=\"Gesch\u00e4tzte Lesezeit\" \/>\n\t<meta name=\"twitter:data1\" content=\"1\u00a0Minute\" \/>\n<script type=\"application\/ld+json\" class=\"yoast-schema-graph\">{\"@context\":\"https:\/\/schema.org\",\"@graph\":[{\"@type\":\"WebPage\",\"@id\":\"https:\/\/code.efi.ohmportal.de\/blog\/abschlussarbeiten\/webanwendung-fuer-das-themenmanagement-von-abschlussarbeiten\/\",\"url\":\"https:\/\/code.efi.ohmportal.de\/blog\/abschlussarbeiten\/webanwendung-fuer-das-themenmanagement-von-abschlussarbeiten\/\",\"name\":\"Webanwendung f\u00fcr das Themenmanagement von Abschlussarbeiten - Code Comments\",\"isPartOf\":{\"@id\":\"https:\/\/code.efi.ohmportal.de\/blog\/#website\"},\"primaryImageOfPage\":{\"@id\":\"https:\/\/code.efi.ohmportal.de\/blog\/abschlussarbeiten\/webanwendung-fuer-das-themenmanagement-von-abschlussarbeiten\/#primaryimage\"},\"image\":{\"@id\":\"https:\/\/code.efi.ohmportal.de\/blog\/abschlussarbeiten\/webanwendung-fuer-das-themenmanagement-von-abschlussarbeiten\/#primaryimage\"},\"thumbnailUrl\":\"https:\/\/code.efi.ohmportal.de\/blog\/wp-content\/uploads\/2018\/07\/django.png\",\"datePublished\":\"2018-07-16T13:15:26+00:00\",\"description\":\"Projekt- oder Abschlussarbeit zur Entwicklung einer Webanwendung, die den Workflow bei der Generierung, Vergabe und Bewertung von Projekt- und Abschlussarbeiten unterst\u00fctzt.\",\"breadcrumb\":{\"@id\":\"https:\/\/code.efi.ohmportal.de\/blog\/abschlussarbeiten\/webanwendung-fuer-das-themenmanagement-von-abschlussarbeiten\/#breadcrumb\"},\"inLanguage\":\"de\",\"potentialAction\":[{\"@type\":\"ReadAction\",\"target\":[\"https:\/\/code.efi.ohmportal.de\/blog\/abschlussarbeiten\/webanwendung-fuer-das-themenmanagement-von-abschlussarbeiten\/\"]}]},{\"@type\":\"ImageObject\",\"inLanguage\":\"de\",\"@id\":\"https:\/\/code.efi.ohmportal.de\/blog\/abschlussarbeiten\/webanwendung-fuer-das-themenmanagement-von-abschlussarbeiten\/#primaryimage\",\"url\":\"https:\/\/code.efi.ohmportal.de\/blog\/wp-content\/uploads\/2018\/07\/django.png\",\"contentUrl\":\"https:\/\/code.efi.ohmportal.de\/blog\/wp-content\/uploads\/2018\/07\/django.png\",\"width\":300,\"height\":300},{\"@type\":\"BreadcrumbList\",\"@id\":\"https:\/\/code.efi.ohmportal.de\/blog\/abschlussarbeiten\/webanwendung-fuer-das-themenmanagement-von-abschlussarbeiten\/#breadcrumb\",\"itemListElement\":[{\"@type\":\"ListItem\",\"position\":1,\"name\":\"Angebot von Projekt- und Abschlussarbeiten\",\"item\":\"https:\/\/code.efi.ohmportal.de\/blog\/abschlussarbeiten\/\"},{\"@type\":\"ListItem\",\"position\":2,\"name\":\"Webanwendung f\u00fcr das Themenmanagement von Abschlussarbeiten\"}]},{\"@type\":\"WebSite\",\"@id\":\"https:\/\/code.efi.ohmportal.de\/blog\/#website\",\"url\":\"https:\/\/code.efi.ohmportal.de\/blog\/\",\"name\":\"Code Comments\",\"description\":\"\",\"potentialAction\":[{\"@type\":\"SearchAction\",\"target\":{\"@type\":\"EntryPoint\",\"urlTemplate\":\"https:\/\/code.efi.ohmportal.de\/blog\/?s={search_term_string}\"},\"query-input\":{\"@type\":\"PropertyValueSpecification\",\"valueRequired\":true,\"valueName\":\"search_term_string\"}}],\"inLanguage\":\"de\"}]}<\/script>\n<!-- \/ Yoast SEO plugin. -->","yoast_head_json":{"title":"Webanwendung f\u00fcr das Themenmanagement von Abschlussarbeiten - Code Comments","description":"Projekt- oder Abschlussarbeit zur Entwicklung einer Webanwendung, die den Workflow bei der Generierung, Vergabe und Bewertung von Projekt- und Abschlussarbeiten unterst\u00fctzt.","robots":{"index":"index","follow":"follow","max-snippet":"max-snippet:-1","max-image-preview":"max-image-preview:large","max-video-preview":"max-video-preview:-1"},"canonical":"https:\/\/code.efi.ohmportal.de\/blog\/abschlussarbeiten\/webanwendung-fuer-das-themenmanagement-von-abschlussarbeiten\/","og_locale":"de_DE","og_type":"article","og_title":"Webanwendung f\u00fcr das Themenmanagement von Abschlussarbeiten - Code Comments","og_description":"Projekt- oder Abschlussarbeit zur Entwicklung einer Webanwendung, die den Workflow bei der Generierung, Vergabe und Bewertung von Projekt- und Abschlussarbeiten unterst\u00fctzt.","og_url":"https:\/\/code.efi.ohmportal.de\/blog\/abschlussarbeiten\/webanwendung-fuer-das-themenmanagement-von-abschlussarbeiten\/","og_site_name":"Code Comments","og_image":[{"url":"https:\/\/code.efi.ohmportal.de\/blog\/wp-content\/uploads\/2018\/07\/django.png","type":"","width":"","height":""}],"twitter_misc":{"Gesch\u00e4tzte Lesezeit":"1\u00a0Minute"},"schema":{"@context":"https:\/\/schema.org","@graph":[{"@type":"WebPage","@id":"https:\/\/code.efi.ohmportal.de\/blog\/abschlussarbeiten\/webanwendung-fuer-das-themenmanagement-von-abschlussarbeiten\/","url":"https:\/\/code.efi.ohmportal.de\/blog\/abschlussarbeiten\/webanwendung-fuer-das-themenmanagement-von-abschlussarbeiten\/","name":"Webanwendung f\u00fcr das Themenmanagement von Abschlussarbeiten - Code Comments","isPartOf":{"@id":"https:\/\/code.efi.ohmportal.de\/blog\/#website"},"primaryImageOfPage":{"@id":"https:\/\/code.efi.ohmportal.de\/blog\/abschlussarbeiten\/webanwendung-fuer-das-themenmanagement-von-abschlussarbeiten\/#primaryimage"},"image":{"@id":"https:\/\/code.efi.ohmportal.de\/blog\/abschlussarbeiten\/webanwendung-fuer-das-themenmanagement-von-abschlussarbeiten\/#primaryimage"},"thumbnailUrl":"https:\/\/code.efi.ohmportal.de\/blog\/wp-content\/uploads\/2018\/07\/django.png","datePublished":"2018-07-16T13:15:26+00:00","description":"Projekt- oder Abschlussarbeit zur Entwicklung einer Webanwendung, die den Workflow bei der Generierung, Vergabe und Bewertung von Projekt- und Abschlussarbeiten unterst\u00fctzt.","breadcrumb":{"@id":"https:\/\/code.efi.ohmportal.de\/blog\/abschlussarbeiten\/webanwendung-fuer-das-themenmanagement-von-abschlussarbeiten\/#breadcrumb"},"inLanguage":"de","potentialAction":[{"@type":"ReadAction","target":["https:\/\/code.efi.ohmportal.de\/blog\/abschlussarbeiten\/webanwendung-fuer-das-themenmanagement-von-abschlussarbeiten\/"]}]},{"@type":"ImageObject","inLanguage":"de","@id":"https:\/\/code.efi.ohmportal.de\/blog\/abschlussarbeiten\/webanwendung-fuer-das-themenmanagement-von-abschlussarbeiten\/#primaryimage","url":"https:\/\/code.efi.ohmportal.de\/blog\/wp-content\/uploads\/2018\/07\/django.png","contentUrl":"https:\/\/code.efi.ohmportal.de\/blog\/wp-content\/uploads\/2018\/07\/django.png","width":300,"height":300},{"@type":"BreadcrumbList","@id":"https:\/\/code.efi.ohmportal.de\/blog\/abschlussarbeiten\/webanwendung-fuer-das-themenmanagement-von-abschlussarbeiten\/#breadcrumb","itemListElement":[{"@type":"ListItem","position":1,"name":"Angebot von Projekt- und Abschlussarbeiten","item":"https:\/\/code.efi.ohmportal.de\/blog\/abschlussarbeiten\/"},{"@type":"ListItem","position":2,"name":"Webanwendung f\u00fcr das Themenmanagement von Abschlussarbeiten"}]},{"@type":"WebSite","@id":"https:\/\/code.efi.ohmportal.de\/blog\/#website","url":"https:\/\/code.efi.ohmportal.de\/blog\/","name":"Code Comments","description":"","potentialAction":[{"@type":"SearchAction","target":{"@type":"EntryPoint","urlTemplate":"https:\/\/code.efi.ohmportal.de\/blog\/?s={search_term_string}"},"query-input":{"@type":"PropertyValueSpecification","valueRequired":true,"valueName":"search_term_string"}}],"inLanguage":"de"}]}},"jetpack_shortlink":"https:\/\/wp.me\/P8QwJV-9F","jetpack_sharing_enabled":true,"_links":{"self":[{"href":"https:\/\/code.efi.ohmportal.de\/blog\/wp-json\/wp\/v2\/pages\/599","targetHints":{"allow":["GET"]}}],"collection":[{"href":"https:\/\/code.efi.ohmportal.de\/blog\/wp-json\/wp\/v2\/pages"}],"about":[{"href":"https:\/\/code.efi.ohmportal.de\/blog\/wp-json\/wp\/v2\/types\/page"}],"author":[{"embeddable":true,"href":"https:\/\/code.efi.ohmportal.de\/blog\/wp-json\/wp\/v2\/users\/1"}],"replies":[{"embeddable":true,"href":"https:\/\/code.efi.ohmportal.de\/blog\/wp-json\/wp\/v2\/comments?post=599"}],"version-history":[{"count":4,"href":"https:\/\/code.efi.ohmportal.de\/blog\/wp-json\/wp\/v2\/pages\/599\/revisions"}],"predecessor-version":[{"id":605,"href":"https:\/\/code.efi.ohmportal.de\/blog\/wp-json\/wp\/v2\/pages\/599\/revisions\/605"}],"up":[{"embeddable":true,"href":"https:\/\/code.efi.ohmportal.de\/blog\/wp-json\/wp\/v2\/pages\/323"}],"wp:attachment":[{"href":"https:\/\/code.efi.ohmportal.de\/blog\/wp-json\/wp\/v2\/media?parent=599"}],"curies":[{"name":"wp","href":"https:\/\/api.w.org\/{rel}","templated":true}]}}